{"id":918,"date":"2023-03-08T14:37:22","date_gmt":"2023-03-08T14:37:22","guid":{"rendered":"https:\/\/naturochats.fr\/?page_id=918"},"modified":"2025-02-05T21:45:20","modified_gmt":"2025-02-05T21:45:20","slug":"elevage-familial","status":"publish","type":"page","link":"https:\/\/naturochats.fr\/?page_id=918","title":{"rendered":"Elevage familial de chats Sib\u00e9riens"},"content":{"rendered":"\t\t<div data-elementor-type=\"wp-page\" data-elementor-id=\"918\" class=\"elementor elementor-918\">\n\t\t\t\t\t\t<section class=\"elementor-section elementor-top-section elementor-element elementor-element-530e243 elementor-section-boxed elementor-section-height-default elementor-section-height-default\" data-id=\"530e243\" data-element_type=\"section\" data-e-type=\"section\">\n\t\t\t\t\t\t<div class=\"elementor-container elementor-column-gap-default\">\n\t\t\t\t\t<div class=\"elementor-column elementor-col-100 elementor-top-column elementor-element elementor-element-44f5a20\" data-id=\"44f5a20\" data-element_type=\"column\" data-e-type=\"column\">\n\t\t\t<div class=\"elementor-widget-wrap elementor-element-populated\">\n\t\t\t\t\t\t<div class=\"elementor-element elementor-element-594f377 no-margin elementor-widget elementor-widget-heading\" data-id=\"594f377\" data-element_type=\"widget\" data-e-type=\"widget\" data-widget_type=\"heading.default\">\n\t\t\t\t<div class=\"elementor-widget-container\">\n\t\t\t\t\t<h2 class=\"elementor-heading-title elementor-size-default\">Elevage de chats Sib\u00e9riens<br>\n\"Les Flocons Dor\u00e9s\"<br>\nHaute-Savoie (74)<\/h2>\t\t\t\t<\/div>\n\t\t\t\t<\/div>\n\t\t\t\t<div class=\"elementor-element elementor-element-e8ad5ab no-margin elementor-widget-divider--separator-type-pattern elementor-widget-divider--view-line elementor-widget elementor-widget-divider\" data-id=\"e8ad5ab\" data-element_type=\"widget\" data-e-type=\"widget\" data-widget_type=\"divider.default\">\n\t\t\t\t<div class=\"elementor-widget-container\">\n\t\t\t\t\t\t\t<div class=\"elementor-divider\" style=\"--divider-pattern-url: url(&quot;data:image\/svg+xml,%3Csvg xmlns=&#039;http:\/\/www.w3.org\/2000\/svg&#039; preserveAspectRatio=&#039;none&#039; overflow=&#039;visible&#039; height=&#039;100%&#039; viewBox=&#039;0 0 24 24&#039; fill=&#039;none&#039; stroke=&#039;black&#039; stroke-width=&#039;2&#039; stroke-linecap=&#039;square&#039; stroke-miterlimit=&#039;10&#039;%3E%3Cpath d=&#039;M0,21c3.3,0,8.3-0.9,15.7-7.1c6.6-5.4,4.4-9.3,2.4-10.3c-3.4-1.8-7.7,1.3-7.3,8.8C11.2,20,17.1,21,24,21&#039;\/%3E%3C\/svg%3E&quot;);\">\n\t\t\t<span class=\"elementor-divider-separator\">\n\t\t\t\t\t\t<\/span>\n\t\t<\/div>\n\t\t\t\t\t\t<\/div>\n\t\t\t\t<\/div>\n\t\t\t\t<section class=\"elementor-section elementor-inner-section elementor-element elementor-element-c7686e9 elementor-section-boxed elementor-section-height-default elementor-section-height-default\" data-id=\"c7686e9\" data-element_type=\"section\" data-e-type=\"section\">\n\t\t\t\t\t\t<div class=\"elementor-container elementor-column-gap-default\">\n\t\t\t\t\t<div class=\"elementor-column elementor-col-50 elementor-inner-column elementor-element elementor-element-9264b18\" data-id=\"9264b18\" data-element_type=\"column\" data-e-type=\"column\">\n\t\t\t<div class=\"elementor-widget-wrap elementor-element-populated\">\n\t\t\t\t\t\t<div class=\"elementor-element elementor-element-7dd4fe5 elementor-widget__width-initial elementor-widget elementor-widget-image\" data-id=\"7dd4fe5\" data-element_type=\"widget\" data-e-type=\"widget\" data-widget_type=\"image.default\">\n\t\t\t\t<div class=\"elementor-widget-container\">\n\t\t\t\t\t\t\t\t\t\t\t\t\t\t\t<img fetchpriority=\"high\" decoding=\"async\" width=\"938\" height=\"1024\" src=\"https:\/\/naturochats.fr\/wp-content\/uploads\/2023\/05\/Toundra-2-938x1024.jpg\" class=\"attachment-large size-large wp-image-1490\" alt=\"\" srcset=\"https:\/\/naturochats.fr\/wp-content\/uploads\/2023\/05\/Toundra-2-938x1024.jpg 938w, https:\/\/naturochats.fr\/wp-content\/uploads\/2023\/05\/Toundra-2-275x300.jpg 275w, https:\/\/naturochats.fr\/wp-content\/uploads\/2023\/05\/Toundra-2-768x838.jpg 768w, https:\/\/naturochats.fr\/wp-content\/uploads\/2023\/05\/Toundra-2.jpg 1080w\" sizes=\"(max-width: 938px) 100vw, 938px\" \/>\t\t\t\t\t\t\t\t\t\t\t\t\t\t\t<\/div>\n\t\t\t\t<\/div>\n\t\t\t\t\t<\/div>\n\t\t<\/div>\n\t\t\t\t<div class=\"elementor-column elementor-col-50 elementor-inner-column elementor-element elementor-element-41bcdf3\" data-id=\"41bcdf3\" data-element_type=\"column\" data-e-type=\"column\">\n\t\t\t<div class=\"elementor-widget-wrap elementor-element-populated\">\n\t\t\t\t\t\t<div class=\"elementor-element elementor-element-212811a elementor-widget elementor-widget-text-editor\" data-id=\"212811a\" data-element_type=\"widget\" data-e-type=\"widget\" data-widget_type=\"text-editor.default\">\n\t\t\t\t<div class=\"elementor-widget-container\">\n\t\t\t\t\t\t\t\t\t<p><b><i>Comment a commenc\u00e9 l&rsquo;\u00e9levage familial de chats sib\u00e9riens \u00e0 Annecy, en Haute-Savoie?<\/i><\/b><\/p><p>Amoureuse de tous les chats, j\u2019ai eu la chance d\u2019acqu\u00e9rir mon premier chat sib\u00e9rien en 2021 et \u00e7a a \u00e9t\u00e9 <strong>un r\u00e9el coup de c\u0153ur\u00a0pour cette race<\/strong> ! <br \/>Tout d\u2019abord, il est beau et majestueux, c\u2019est un chat robuste de taille imposante avec des poils longs et une couche de sous-poils tr\u00e8s dense. Taill\u00e9 pour r\u00e9sister au froid extr\u00eame de la Sib\u00e9rie avec sa fourrure \u00e9paisse et son ossature bien d\u00e9velopp\u00e9e,\u00a0sa silhouette en \u00ab tonneau \u00bb est toute en rondeur sur des petites pattes, un cou court et une t\u00eate arrondie. Malgr\u00e9 cette force physique, on s\u2019aper\u00e7oit vite que <strong>le chat sib\u00e9rien est une boule d\u2019amour, tr\u00e8s sociable, calme et affectueux<\/strong>. Il est tr\u00e8s facile \u00e0 vivre avec d\u2019autres animaux, les enfants et il est tr\u00e8s attach\u00e9 \u00e0 sa famille. Il peut s\u2019adapter \u00e0 la vie en appartement en lui proposant un environnement dans lequel il peut s\u2019\u00e9panouir : riche en jeux et arbres \u00e0 chats pour sauter, grimper, chasser ses petits jouets.<\/p>\t\t\t\t\t\t\t\t<\/div>\n\t\t\t\t<\/div>\n\t\t\t\t\t<\/div>\n\t\t<\/div>\n\t\t\t\t\t<\/div>\n\t\t<\/section>\n\t\t\t\t<section class=\"elementor-section elementor-inner-section elementor-element elementor-element-32f6c14 elementor-section-boxed elementor-section-height-default elementor-section-height-default\" data-id=\"32f6c14\" data-element_type=\"section\" data-e-type=\"section\">\n\t\t\t\t\t\t<div class=\"elementor-container elementor-column-gap-default\">\n\t\t\t\t\t<div class=\"elementor-column elementor-col-100 elementor-inner-column elementor-element elementor-element-5b1571b\" data-id=\"5b1571b\" data-element_type=\"column\" data-e-type=\"column\">\n\t\t\t<div class=\"elementor-widget-wrap\">\n\t\t\t\t\t\t\t<\/div>\n\t\t<\/div>\n\t\t\t\t\t<\/div>\n\t\t<\/section>\n\t\t\t\t\t<\/div>\n\t\t<\/div>\n\t\t\t\t\t<\/div>\n\t\t<\/section>\n\t\t\t\t<section class=\"elementor-section elementor-top-section elementor-element elementor-element-34fda7e elementor-section-boxed elementor-section-height-default elementor-section-height-default\" data-id=\"34fda7e\" data-element_type=\"section\" data-e-type=\"section\">\n\t\t\t\t\t\t<div class=\"elementor-container elementor-column-gap-default\">\n\t\t\t\t\t<div class=\"elementor-column elementor-col-100 elementor-top-column elementor-element elementor-element-e2f5d99\" data-id=\"e2f5d99\" data-element_type=\"column\" data-e-type=\"column\">\n\t\t\t<div class=\"elementor-widget-wrap elementor-element-populated\">\n\t\t\t\t\t\t<div class=\"elementor-element elementor-element-4f4d4f7 elementor-widget elementor-widget-image\" data-id=\"4f4d4f7\" data-element_type=\"widget\" data-e-type=\"widget\" data-widget_type=\"image.default\">\n\t\t\t\t<div class=\"elementor-widget-container\">\n\t\t\t\t\t\t\t\t\t\t\t\t\t\t\t<img decoding=\"async\" width=\"1024\" height=\"819\" src=\"https:\/\/naturochats.fr\/wp-content\/uploads\/2023\/05\/Toundra-1024x819.jpg\" class=\"attachment-large size-large wp-image-1476\" alt=\"\" srcset=\"https:\/\/naturochats.fr\/wp-content\/uploads\/2023\/05\/Toundra-1024x819.jpg 1024w, https:\/\/naturochats.fr\/wp-content\/uploads\/2023\/05\/Toundra-300x240.jpg 300w, https:\/\/naturochats.fr\/wp-content\/uploads\/2023\/05\/Toundra-768x615.jpg 768w, https:\/\/naturochats.fr\/wp-content\/uploads\/2023\/05\/Toundra-1536x1229.jpg 1536w, https:\/\/naturochats.fr\/wp-content\/uploads\/2023\/05\/Toundra-2048x1639.jpg 2048w\" sizes=\"(max-width: 1024px) 100vw, 1024px\" \/>\t\t\t\t\t\t\t\t\t\t\t\t\t\t\t<\/div>\n\t\t\t\t<\/div>\n\t\t\t\t<div class=\"elementor-element elementor-element-b180b21 elementor-widget elementor-widget-text-editor\" data-id=\"b180b21\" data-element_type=\"widget\" data-e-type=\"widget\" data-widget_type=\"text-editor.default\">\n\t\t\t\t<div class=\"elementor-widget-container\">\n\t\t\t\t\t\t\t\t\t<p><br \/>Enfin, la magie de ce chat est sa particularit\u00e9 \u00ab <span style=\"text-decoration: underline;\"><strong>hypoallerg\u00e9nique<\/strong> <\/span>\u00bb.<br \/>Le chat Sib\u00e9rien <span style=\"text-decoration: underline;\">diminue les risques d\u2019allergies<\/span> car il est la race de chat qui a le plus faible taux de prot\u00e9ine FEL D1, responsable des allergies aux chats. Cette prot\u00e9ine se trouve dans sa salive, son urine, ses glandes hormonales et s\u00e9bac\u00e9es, il en d\u00e9pose sur son pelage lorsqu\u2019il fait sa toilette.<br \/>Des l\u00e9gers sympt\u00f4mes peuvent apparaitre les premi\u00e8res semaines apr\u00e8s l\u2019adoption et disparaitre par la suite.<\/p><p>En 2021, j\u2019ai donc adopt\u00e9 ma femelle reproductrice dans un des premiers \u00e9levage de chats sib\u00e9riens en France : l\u2019Elevage de la Korrigane. <br \/>Ma petite Toundra de la Korrigane est la fille de Gaboo de la Korrigane, chat sib\u00e9rien bien typ\u00e9, prim\u00e9 en exposition et issu de tr\u00e8s bonnes lign\u00e9es.<\/p><p><b>Pourquoi avoir choisi l&rsquo;affixe des Flocons dor\u00e9s?\u00a0<\/b><br \/>Toundra a une belle robe Red Tabby Point, ce qui est plut\u00f4t rare pour une femelle !<br \/>Elle est toute blanche comme un flocon avec des extr\u00e9mit\u00e9s orange dor\u00e9es (nez, oreilles, pattes).<\/p>\t\t\t\t\t\t\t\t<\/div>\n\t\t\t\t<\/div>\n\t\t\t\t<div class=\"elementor-element elementor-element-933b926 elementor-widget elementor-widget-text-editor\" data-id=\"933b926\" data-element_type=\"widget\" data-e-type=\"widget\" data-widget_type=\"text-editor.default\">\n\t\t\t\t<div class=\"elementor-widget-container\">\n\t\t\t\t\t\t\t\t\t<p>N\u2019h\u00e9sitez pas \u00e0 me contacter si vous souhaitez plus d\u2019informations sur ces magnifiques chats.<\/p>\t\t\t\t\t\t\t\t<\/div>\n\t\t\t\t<\/div>\n\t\t\t\t\t<\/div>\n\t\t<\/div>\n\t\t\t\t\t<\/div>\n\t\t<\/section>\n\t\t\t\t<section class=\"elementor-section elementor-top-section elementor-element elementor-element-1bfcce7 elementor-section-boxed elementor-section-height-default elementor-section-height-default\" data-id=\"1bfcce7\" data-element_type=\"section\" data-e-type=\"section\">\n\t\t\t\t\t\t<div class=\"elementor-container elementor-column-gap-default\">\n\t\t\t\t\t<div class=\"elementor-column elementor-col-100 elementor-top-column elementor-element elementor-element-c8d6d7d\" data-id=\"c8d6d7d\" data-element_type=\"column\" data-e-type=\"column\">\n\t\t\t<div class=\"elementor-widget-wrap elementor-element-populated\">\n\t\t\t\t\t\t<div class=\"elementor-element elementor-element-d5bec2e elementor-widget elementor-widget-spacer\" data-id=\"d5bec2e\" data-element_type=\"widget\" data-e-type=\"widget\" data-widget_type=\"spacer.default\">\n\t\t\t\t<div class=\"elementor-widget-container\">\n\t\t\t\t\t\t\t<div class=\"elementor-spacer\">\n\t\t\t<div class=\"elementor-spacer-inner\"><\/div>\n\t\t<\/div>\n\t\t\t\t\t\t<\/div>\n\t\t\t\t<\/div>\n\t\t\t\t<div class=\"elementor-element elementor-element-1babd8e no-margin elementor-widget elementor-widget-heading\" data-id=\"1babd8e\" data-element_type=\"widget\" data-e-type=\"widget\" data-widget_type=\"heading.default\">\n\t\t\t\t<div class=\"elementor-widget-container\">\n\t\t\t\t\t<h2 class=\"elementor-heading-title elementor-size-default\">Actualit\u00e9s<\/h2>\t\t\t\t<\/div>\n\t\t\t\t<\/div>\n\t\t\t\t<div class=\"elementor-element elementor-element-90af758 no-margin elementor-widget-divider--separator-type-pattern elementor-widget-divider--view-line elementor-widget elementor-widget-divider\" data-id=\"90af758\" data-element_type=\"widget\" data-e-type=\"widget\" data-widget_type=\"divider.default\">\n\t\t\t\t<div class=\"elementor-widget-container\">\n\t\t\t\t\t\t\t<div class=\"elementor-divider\" style=\"--divider-pattern-url: url(&quot;data:image\/svg+xml,%3Csvg xmlns=&#039;http:\/\/www.w3.org\/2000\/svg&#039; preserveAspectRatio=&#039;none&#039; overflow=&#039;visible&#039; height=&#039;100%&#039; viewBox=&#039;0 0 24 24&#039; fill=&#039;none&#039; stroke=&#039;black&#039; stroke-width=&#039;2&#039; stroke-linecap=&#039;square&#039; stroke-miterlimit=&#039;10&#039;%3E%3Cpath d=&#039;M0,21c3.3,0,8.3-0.9,15.7-7.1c6.6-5.4,4.4-9.3,2.4-10.3c-3.4-1.8-7.7,1.3-7.3,8.8C11.2,20,17.1,21,24,21&#039;\/%3E%3C\/svg%3E&quot;);\">\n\t\t\t<span class=\"elementor-divider-separator\">\n\t\t\t\t\t\t<\/span>\n\t\t<\/div>\n\t\t\t\t\t\t<\/div>\n\t\t\t\t<\/div>\n\t\t\t\t\t<\/div>\n\t\t<\/div>\n\t\t\t\t\t<\/div>\n\t\t<\/section>\n\t\t\t\t<section class=\"elementor-section elementor-top-section elementor-element elementor-element-2a4dc59 elementor-section-boxed elementor-section-height-default elementor-section-height-default\" data-id=\"2a4dc59\" data-element_type=\"section\" data-e-type=\"section\">\n\t\t\t\t\t\t<div class=\"elementor-container elementor-column-gap-default\">\n\t\t\t\t\t<div class=\"elementor-column elementor-col-50 elementor-top-column elementor-element elementor-element-93d16b5\" data-id=\"93d16b5\" data-element_type=\"column\" data-e-type=\"column\">\n\t\t\t<div class=\"elementor-widget-wrap elementor-element-populated\">\n\t\t\t\t\t\t<div class=\"elementor-element elementor-element-231ce3a elementor-widget elementor-widget-image\" data-id=\"231ce3a\" data-element_type=\"widget\" data-e-type=\"widget\" data-widget_type=\"image.default\">\n\t\t\t\t<div class=\"elementor-widget-container\">\n\t\t\t\t\t\t\t\t\t\t\t\t\t\t\t<img decoding=\"async\" width=\"231\" height=\"300\" src=\"https:\/\/naturochats.fr\/wp-content\/uploads\/2023\/03\/thumbnail-12-231x300.jpg\" class=\"attachment-medium size-medium wp-image-903\" alt=\"toundra\" srcset=\"https:\/\/naturochats.fr\/wp-content\/uploads\/2023\/03\/thumbnail-12-231x300.jpg 231w, https:\/\/naturochats.fr\/wp-content\/uploads\/2023\/03\/thumbnail-12-789x1024.jpg 789w, https:\/\/naturochats.fr\/wp-content\/uploads\/2023\/03\/thumbnail-12-768x997.jpg 768w, https:\/\/naturochats.fr\/wp-content\/uploads\/2023\/03\/thumbnail-12.jpg 1080w\" sizes=\"(max-width: 231px) 100vw, 231px\" \/>\t\t\t\t\t\t\t\t\t\t\t\t\t\t\t<\/div>\n\t\t\t\t<\/div>\n\t\t\t\t<div class=\"elementor-element elementor-element-2f0f4fc elementor-widget elementor-widget-image\" data-id=\"2f0f4fc\" data-element_type=\"widget\" data-e-type=\"widget\" data-widget_type=\"image.default\">\n\t\t\t\t<div class=\"elementor-widget-container\">\n\t\t\t\t\t\t\t\t\t\t\t\t\t\t\t<img loading=\"lazy\" decoding=\"async\" width=\"266\" height=\"300\" src=\"https:\/\/naturochats.fr\/wp-content\/uploads\/2023\/03\/20220610_174605-266x300.jpg\" class=\"attachment-medium size-medium wp-image-919\" alt=\"chat\" srcset=\"https:\/\/naturochats.fr\/wp-content\/uploads\/2023\/03\/20220610_174605-266x300.jpg 266w, https:\/\/naturochats.fr\/wp-content\/uploads\/2023\/03\/20220610_174605-907x1024.jpg 907w, https:\/\/naturochats.fr\/wp-content\/uploads\/2023\/03\/20220610_174605-768x867.jpg 768w, https:\/\/naturochats.fr\/wp-content\/uploads\/2023\/03\/20220610_174605-1360x1536.jpg 1360w, https:\/\/naturochats.fr\/wp-content\/uploads\/2023\/03\/20220610_174605-1813x2048.jpg 1813w\" sizes=\"(max-width: 266px) 100vw, 266px\" \/>\t\t\t\t\t\t\t\t\t\t\t\t\t\t\t<\/div>\n\t\t\t\t<\/div>\n\t\t\t\t\t<\/div>\n\t\t<\/div>\n\t\t\t\t<div class=\"elementor-column elementor-col-50 elementor-top-column elementor-element elementor-element-0644c4b\" data-id=\"0644c4b\" data-element_type=\"column\" data-e-type=\"column\">\n\t\t\t<div class=\"elementor-widget-wrap elementor-element-populated\">\n\t\t\t\t\t\t<div class=\"elementor-element elementor-element-a186593 elementor-widget elementor-widget-text-editor\" data-id=\"a186593\" data-element_type=\"widget\" data-e-type=\"widget\" data-widget_type=\"text-editor.default\">\n\t\t\t\t<div class=\"elementor-widget-container\">\n\t\t\t\t\t\t\t\t\t<p><strong><em>Prochaine port\u00e9e pr\u00e9vue en automne 2025, vous pouvez nous suivre sur notre page Facebook \u00ab\u00a0Elevage des Flocons Dor\u00e9s &#8211; Chats sib\u00e9riens en Haute-Savoie\u00a0\u00bb<\/em><\/strong><\/p>\t\t\t\t\t\t\t\t<\/div>\n\t\t\t\t<\/div>\n\t\t\t\t<div class=\"elementor-element elementor-element-2eee22d elementor-widget elementor-widget-spacer\" data-id=\"2eee22d\" data-element_type=\"widget\" data-e-type=\"widget\" data-widget_type=\"spacer.default\">\n\t\t\t\t<div class=\"elementor-widget-container\">\n\t\t\t\t\t\t\t<div class=\"elementor-spacer\">\n\t\t\t<div class=\"elementor-spacer-inner\"><\/div>\n\t\t<\/div>\n\t\t\t\t\t\t<\/div>\n\t\t\t\t<\/div>\n\t\t\t\t<div class=\"elementor-element elementor-element-f458ab3 elementor-widget elementor-widget-text-editor\" data-id=\"f458ab3\" data-element_type=\"widget\" data-e-type=\"widget\" data-widget_type=\"text-editor.default\">\n\t\t\t\t<div class=\"elementor-widget-container\">\n\t\t\t\t\t\t\t\t\t<p><span style=\"text-decoration: underline;\">L&rsquo;adoption d\u2019un animal doit \u00eatre un acte m\u00fbrement r\u00e9fl\u00e9chi car le chat sib\u00e9rien vit en moyenne 15 \u00e0 20 ans. La responsabilit\u00e9 d\u2019un animal n\u00e9cessite des soins m\u00e9dicaux, une bonne alimentation, un environnement enrichi et surtout beaucoup d\u2019amour et d\u2019attention pour son bien-\u00eatre.<\/span><\/p>\n<p><\/p>\t\t\t\t\t\t\t\t<\/div>\n\t\t\t\t<\/div>\n\t\t\t\t\t<\/div>\n\t\t<\/div>\n\t\t\t\t\t<\/div>\n\t\t<\/section>\n\t\t\t\t<\/div>\n\t\t","protected":false},"excerpt":{"rendered":"<p>Elevage de chats Sib\u00e9riens \u00ab\u00a0Les Flocons Dor\u00e9s\u00a0\u00bb Haute-Savoie (74) Comment a commenc\u00e9 l&rsquo;\u00e9levage familial de chats sib\u00e9riens \u00e0 Annecy, en Haute-Savoie? Amoureuse de tous les chats, j\u2019ai eu la chance d\u2019acqu\u00e9rir mon premier chat sib\u00e9rien en 2021 et \u00e7a a \u00e9t\u00e9 un r\u00e9el coup de c\u0153ur\u00a0pour cette race ! Tout d\u2019abord, il est beau et [&hellip;]<\/p>\n","protected":false},"author":1,"featured_media":0,"parent":0,"menu_order":0,"comment_status":"closed","ping_status":"closed","template":"","meta":{"ocean_post_layout":"full-screen","ocean_both_sidebars_style":"","ocean_both_sidebars_content_width":0,"ocean_both_sidebars_sidebars_width":0,"ocean_sidebar":"0","ocean_second_sidebar":"0","ocean_disable_margins":"on","ocean_add_body_class":"","ocean_shortcode_before_top_bar":"","ocean_shortcode_after_top_bar":"","ocean_shortcode_before_header":"","ocean_shortcode_after_header":"","ocean_has_shortcode":"","ocean_shortcode_after_title":"","ocean_shortcode_before_footer_widgets":"","ocean_shortcode_after_footer_widgets":"","ocean_shortcode_before_footer_bottom":"","ocean_shortcode_after_footer_bottom":"","ocean_display_top_bar":"default","ocean_display_header":"default","ocean_header_style":"","ocean_center_header_left_menu":"0","ocean_custom_header_template":"0","ocean_custom_logo":0,"ocean_custom_retina_logo":0,"ocean_custom_logo_max_width":0,"ocean_custom_logo_tablet_max_width":0,"ocean_custom_logo_mobile_max_width":0,"ocean_custom_logo_max_height":0,"ocean_custom_logo_tablet_max_height":0,"ocean_custom_logo_mobile_max_height":0,"ocean_header_custom_menu":"0","ocean_menu_typo_font_family":"0","ocean_menu_typo_font_subset":"","ocean_menu_typo_font_size":0,"ocean_menu_typo_font_size_tablet":0,"ocean_menu_typo_font_size_mobile":0,"ocean_menu_typo_font_size_unit":"px","ocean_menu_typo_font_weight":"","ocean_menu_typo_font_weight_tablet":"","ocean_menu_typo_font_weight_mobile":"","ocean_menu_typo_transform":"","ocean_menu_typo_transform_tablet":"","ocean_menu_typo_transform_mobile":"","ocean_menu_typo_line_height":0,"ocean_menu_typo_line_height_tablet":0,"ocean_menu_typo_line_height_mobile":0,"ocean_menu_typo_line_height_unit":"","ocean_menu_typo_spacing":0,"ocean_menu_typo_spacing_tablet":0,"ocean_menu_typo_spacing_mobile":0,"ocean_menu_typo_spacing_unit":"","ocean_menu_link_color":"","ocean_menu_link_color_hover":"","ocean_menu_link_color_active":"","ocean_menu_link_background":"","ocean_menu_link_hover_background":"","ocean_menu_link_active_background":"","ocean_menu_social_links_bg":"","ocean_menu_social_hover_links_bg":"","ocean_menu_social_links_color":"","ocean_menu_social_hover_links_color":"","ocean_disable_title":"on","ocean_disable_heading":"default","ocean_post_title":"","ocean_post_subheading":"","ocean_post_title_style":"","ocean_post_title_background_color":"","ocean_post_title_background":0,"ocean_post_title_bg_image_position":"","ocean_post_title_bg_image_attachment":"","ocean_post_title_bg_image_repeat":"","ocean_post_title_bg_image_size":"","ocean_post_title_height":400,"ocean_post_title_bg_overlay":0.5,"ocean_post_title_bg_overlay_color":"","ocean_disable_breadcrumbs":"default","ocean_breadcrumbs_color":"","ocean_breadcrumbs_separator_color":"","ocean_breadcrumbs_links_color":"","ocean_breadcrumbs_links_hover_color":"","ocean_display_footer_widgets":"default","ocean_display_footer_bottom":"default","ocean_custom_footer_template":"0","footnotes":""},"class_list":["post-918","page","type-page","status-publish","hentry","entry"],"_links":{"self":[{"href":"https:\/\/naturochats.fr\/index.php?rest_route=\/wp\/v2\/pages\/918","targetHints":{"allow":["GET"]}}],"collection":[{"href":"https:\/\/naturochats.fr\/index.php?rest_route=\/wp\/v2\/pages"}],"about":[{"href":"https:\/\/naturochats.fr\/index.php?rest_route=\/wp\/v2\/types\/page"}],"author":[{"embeddable":true,"href":"https:\/\/naturochats.fr\/index.php?rest_route=\/wp\/v2\/users\/1"}],"replies":[{"embeddable":true,"href":"https:\/\/naturochats.fr\/index.php?rest_route=%2Fwp%2Fv2%2Fcomments&post=918"}],"version-history":[{"count":147,"href":"https:\/\/naturochats.fr\/index.php?rest_route=\/wp\/v2\/pages\/918\/revisions"}],"predecessor-version":[{"id":1549,"href":"https:\/\/naturochats.fr\/index.php?rest_route=\/wp\/v2\/pages\/918\/revisions\/1549"}],"wp:attachment":[{"href":"https:\/\/naturochats.fr\/index.php?rest_route=%2Fwp%2Fv2%2Fmedia&parent=918"}],"curies":[{"name":"wp","href":"https:\/\/api.w.org\/{rel}","templated":true}]}}