{"id":820,"date":"2023-03-08T09:28:11","date_gmt":"2023-03-08T09:28:11","guid":{"rendered":"https:\/\/naturochats.fr\/?page_id=820"},"modified":"2023-05-13T21:02:19","modified_gmt":"2023-05-13T21:02:19","slug":"naturopathie-animale","status":"publish","type":"page","link":"https:\/\/naturochats.fr\/?page_id=820","title":{"rendered":"Naturopathie animale"},"content":{"rendered":"\t\t<div data-elementor-type=\"wp-page\" data-elementor-id=\"820\" class=\"elementor elementor-820\">\n\t\t\t\t\t\t<section class=\"elementor-section elementor-top-section elementor-element elementor-element-530e243 elementor-section-boxed elementor-section-height-default elementor-section-height-default\" data-id=\"530e243\" data-element_type=\"section\" data-e-type=\"section\">\n\t\t\t\t\t\t<div class=\"elementor-container elementor-column-gap-default\">\n\t\t\t\t\t<div class=\"elementor-column elementor-col-100 elementor-top-column elementor-element elementor-element-44f5a20\" data-id=\"44f5a20\" data-element_type=\"column\" data-e-type=\"column\">\n\t\t\t<div class=\"elementor-widget-wrap elementor-element-populated\">\n\t\t\t\t\t\t<div class=\"elementor-element elementor-element-594f377 no-margin elementor-widget elementor-widget-heading\" data-id=\"594f377\" data-element_type=\"widget\" data-e-type=\"widget\" data-widget_type=\"heading.default\">\n\t\t\t\t<div class=\"elementor-widget-container\">\n\t\t\t\t\t<h2 class=\"elementor-heading-title elementor-size-default\">Naturopathie Animale<\/h2>\t\t\t\t<\/div>\n\t\t\t\t<\/div>\n\t\t\t\t<div class=\"elementor-element elementor-element-90af758 no-margin elementor-widget-divider--separator-type-pattern elementor-widget-divider--view-line elementor-widget elementor-widget-divider\" data-id=\"90af758\" data-element_type=\"widget\" data-e-type=\"widget\" data-widget_type=\"divider.default\">\n\t\t\t\t<div class=\"elementor-widget-container\">\n\t\t\t\t\t\t\t<div class=\"elementor-divider\" style=\"--divider-pattern-url: url(&quot;data:image\/svg+xml,%3Csvg xmlns=&#039;http:\/\/www.w3.org\/2000\/svg&#039; preserveAspectRatio=&#039;none&#039; overflow=&#039;visible&#039; height=&#039;100%&#039; viewBox=&#039;0 0 24 24&#039; fill=&#039;none&#039; stroke=&#039;black&#039; stroke-width=&#039;2&#039; stroke-linecap=&#039;square&#039; stroke-miterlimit=&#039;10&#039;%3E%3Cpath d=&#039;M0,21c3.3,0,8.3-0.9,15.7-7.1c6.6-5.4,4.4-9.3,2.4-10.3c-3.4-1.8-7.7,1.3-7.3,8.8C11.2,20,17.1,21,24,21&#039;\/%3E%3C\/svg%3E&quot;);\">\n\t\t\t<span class=\"elementor-divider-separator\">\n\t\t\t\t\t\t<\/span>\n\t\t<\/div>\n\t\t\t\t\t\t<\/div>\n\t\t\t\t<\/div>\n\t\t\t\t<section class=\"elementor-section elementor-inner-section elementor-element elementor-element-c7686e9 elementor-section-boxed elementor-section-height-default elementor-section-height-default\" data-id=\"c7686e9\" data-element_type=\"section\" data-e-type=\"section\">\n\t\t\t\t\t\t<div class=\"elementor-container elementor-column-gap-default\">\n\t\t\t\t\t<div class=\"elementor-column elementor-col-50 elementor-inner-column elementor-element elementor-element-9264b18\" data-id=\"9264b18\" data-element_type=\"column\" data-e-type=\"column\">\n\t\t\t<div class=\"elementor-widget-wrap elementor-element-populated\">\n\t\t\t\t\t\t<div class=\"elementor-element elementor-element-83d0030 elementor-widget elementor-widget-image\" data-id=\"83d0030\" data-element_type=\"widget\" data-e-type=\"widget\" data-widget_type=\"image.default\">\n\t\t\t\t<div class=\"elementor-widget-container\">\n\t\t\t\t\t\t\t\t\t\t\t\t\t\t\t<img fetchpriority=\"high\" decoding=\"async\" width=\"800\" height=\"450\" src=\"https:\/\/naturochats.fr\/wp-content\/uploads\/2023\/03\/AdobeStock_363184776-800x450.jpeg\" class=\"attachment-ocean-thumb-ml size-ocean-thumb-ml wp-image-824\" alt=\"naturopathie\" \/>\t\t\t\t\t\t\t\t\t\t\t\t\t\t\t<\/div>\n\t\t\t\t<\/div>\n\t\t\t\t\t<\/div>\n\t\t<\/div>\n\t\t\t\t<div class=\"elementor-column elementor-col-50 elementor-inner-column elementor-element elementor-element-41bcdf3\" data-id=\"41bcdf3\" data-element_type=\"column\" data-e-type=\"column\">\n\t\t\t<div class=\"elementor-widget-wrap elementor-element-populated\">\n\t\t\t\t\t\t<div class=\"elementor-element elementor-element-212811a elementor-widget elementor-widget-text-editor\" data-id=\"212811a\" data-element_type=\"widget\" data-e-type=\"widget\" data-widget_type=\"text-editor.default\">\n\t\t\t\t<div class=\"elementor-widget-container\">\n\t\t\t\t\t\t\t\t\t<p>La naturopathie animale est un <strong>ensemble de m\u00e9thodes naturelles<\/strong> qui visent \u00e0 am\u00e9liorer le bien-\u00eatre de l\u2019animal en renfor\u00e7ant son syst\u00e8me immunitaire et sa vitalit\u00e9\u00a0; comme pour les humains elle se compose de\u00a0:<br \/><img decoding=\"async\" class=\"emoji\" role=\"img\" draggable=\"false\" src=\"https:\/\/s.w.org\/images\/core\/emoji\/14.0.0\/svg\/1f331.svg\" alt=\"\ud83c\udf31\" \/>\u00a0la nutrition, <br \/><img decoding=\"async\" class=\"emoji\" role=\"img\" draggable=\"false\" src=\"https:\/\/s.w.org\/images\/core\/emoji\/14.0.0\/svg\/1f331.svg\" alt=\"\ud83c\udf31\" \/>\u00a0la phytoth\u00e9rapie, <br \/><img decoding=\"async\" class=\"emoji\" role=\"img\" draggable=\"false\" src=\"https:\/\/s.w.org\/images\/core\/emoji\/14.0.0\/svg\/1f331.svg\" alt=\"\ud83c\udf31\" \/>\u00a0l\u2019hom\u00e9opathie, <br \/><img decoding=\"async\" class=\"emoji\" role=\"img\" draggable=\"false\" src=\"https:\/\/s.w.org\/images\/core\/emoji\/14.0.0\/svg\/1f331.svg\" alt=\"\ud83c\udf31\" \/>\u00a0les Fleurs de Bach, <br \/><img decoding=\"async\" class=\"emoji\" role=\"img\" draggable=\"false\" src=\"https:\/\/s.w.org\/images\/core\/emoji\/14.0.0\/svg\/1f331.svg\" alt=\"\ud83c\udf31\" \/>\u00a0la micronutrition,<br \/><img decoding=\"async\" class=\"emoji\" role=\"img\" draggable=\"false\" src=\"https:\/\/s.w.org\/images\/core\/emoji\/14.0.0\/svg\/1f331.svg\" alt=\"\ud83c\udf31\" \/>\u00a0l\u2019apith\u00e9rapie,<br \/><img decoding=\"async\" class=\"emoji\" role=\"img\" draggable=\"false\" src=\"https:\/\/s.w.org\/images\/core\/emoji\/14.0.0\/svg\/1f331.svg\" alt=\"\ud83c\udf31\" \/>mais aussi l\u2019aloe vera, l\u2019argent collo\u00efdal, l\u2019argile, l\u2019extrait de p\u00e9pins de pamplemousse, etc\u2026<\/p>\t\t\t\t\t\t\t\t<\/div>\n\t\t\t\t<\/div>\n\t\t\t\t\t<\/div>\n\t\t<\/div>\n\t\t\t\t\t<\/div>\n\t\t<\/section>\n\t\t\t\t<section class=\"elementor-section elementor-inner-section elementor-element elementor-element-9a68afb elementor-section-boxed elementor-section-height-default elementor-section-height-default\" data-id=\"9a68afb\" data-element_type=\"section\" data-e-type=\"section\">\n\t\t\t\t\t\t<div class=\"elementor-container elementor-column-gap-default\">\n\t\t\t\t\t<div class=\"elementor-column elementor-col-100 elementor-inner-column elementor-element elementor-element-8fbf944\" data-id=\"8fbf944\" data-element_type=\"column\" data-e-type=\"column\">\n\t\t\t<div class=\"elementor-widget-wrap elementor-element-populated\">\n\t\t\t\t\t\t<div class=\"elementor-element elementor-element-b180b21 elementor-widget elementor-widget-text-editor\" data-id=\"b180b21\" data-element_type=\"widget\" data-e-type=\"widget\" data-widget_type=\"text-editor.default\">\n\t\t\t\t<div class=\"elementor-widget-container\">\n\t\t\t\t\t\t\t\t\t<p>L\u2019objectif de la naturopathie animale est d\u2019identifier la cause des maux, en traitant les sympt\u00f4mes \u00e0 la source, elle permet de <strong>r\u00e9\u00e9quilibrer l\u2019organisme vers un \u00e9tat de sant\u00e9 optimal<\/strong>. En pr\u00e9servant la sant\u00e9 globale de l\u2019animal, elle va aider l\u2019organisme \u00e0 s\u2019auto-r\u00e9g\u00e9n\u00e9rer gr\u00e2ce \u00e0 des moyens naturels.<br \/>Les consultations en naturopathie consistent donc \u00e0 faire l\u2019historique de l\u2019alimentation et de l\u2019\u00e9tat de sant\u00e9 de l\u2019animal \u00e0 partir des signes cliniques, et \u00e0 fournir des recommandations individuelles et d\u00e9taill\u00e9es avec les solutions qui peuvent \u00eatre indiqu\u00e9es. <br \/>Mon objectif est de guider l&rsquo;organisme vers l&rsquo;auto-gu\u00e9rison et son optimisation, par des principes d&rsquo;hygi\u00e8ne de vie et des techniques naturelles. Les chats r\u00e9agissent g\u00e9n\u00e9ralement tr\u00e8s bien aux th\u00e9rapies naturelles. Mais surtout, elles sont totalement s\u00fbres, non toxiques et sans effets secondaires.<\/p>\t\t\t\t\t\t\t\t<\/div>\n\t\t\t\t<\/div>\n\t\t\t\t\t<\/div>\n\t\t<\/div>\n\t\t\t\t\t<\/div>\n\t\t<\/section>\n\t\t\t\t<section class=\"elementor-section elementor-inner-section elementor-element elementor-element-7110ae6 elementor-section-boxed elementor-section-height-default elementor-section-height-default\" data-id=\"7110ae6\" data-element_type=\"section\" data-e-type=\"section\">\n\t\t\t\t\t\t<div class=\"elementor-container elementor-column-gap-default\">\n\t\t\t\t\t<div class=\"elementor-column elementor-col-50 elementor-inner-column elementor-element elementor-element-7c37cff\" data-id=\"7c37cff\" data-element_type=\"column\" data-e-type=\"column\">\n\t\t\t<div class=\"elementor-widget-wrap elementor-element-populated\">\n\t\t\t\t\t\t<div class=\"elementor-element elementor-element-9977c7b elementor-widget elementor-widget-text-editor\" data-id=\"9977c7b\" data-element_type=\"widget\" data-e-type=\"widget\" data-widget_type=\"text-editor.default\">\n\t\t\t\t<div class=\"elementor-widget-container\">\n\t\t\t\t\t\t\t\t\t<p>Je peux vous aider pour les probl\u00e8mes suivants&nbsp;:<\/p>\n<p><img decoding=\"async\" class=\"emoji\" role=\"img\" draggable=\"false\" src=\"https:\/\/s.w.org\/images\/core\/emoji\/14.0.0\/svg\/1f33f.svg\" alt=\"\ud83c\udf3f\">L&rsquo;anxi\u00e9t\u00e9, les peurs, la d\u00e9pression<\/p>\n<p><img decoding=\"async\" class=\"emoji\" role=\"img\" draggable=\"false\" src=\"https:\/\/s.w.org\/images\/core\/emoji\/14.0.0\/svg\/1f33f.svg\" alt=\"\ud83c\udf3f\">La douleur<\/p>\n<p><img decoding=\"async\" class=\"emoji\" role=\"img\" draggable=\"false\" src=\"https:\/\/s.w.org\/images\/core\/emoji\/14.0.0\/svg\/1f33f.svg\" alt=\"\ud83c\udf3f\">La fi\u00e8vre<\/p>\n<p><img decoding=\"async\" class=\"emoji\" role=\"img\" draggable=\"false\" src=\"https:\/\/s.w.org\/images\/core\/emoji\/14.0.0\/svg\/1f33f.svg\" alt=\"\ud83c\udf3f\">Soulager le mal des transports<\/p>\n<p><img decoding=\"async\" class=\"emoji\" role=\"img\" draggable=\"false\" src=\"https:\/\/s.w.org\/images\/core\/emoji\/14.0.0\/svg\/1f33f.svg\" alt=\"\ud83c\udf3f\">L\u2019accouchement, l\u2019appareil reproducteur<\/p>\n<p><img decoding=\"async\" class=\"emoji\" role=\"img\" draggable=\"false\" src=\"https:\/\/s.w.org\/images\/core\/emoji\/14.0.0\/svg\/1f33f.svg\" alt=\"\ud83c\udf3f\">Les probl\u00e8mes urinaires et vasculaires<\/p>\n<p><img decoding=\"async\" class=\"emoji\" role=\"img\" draggable=\"false\" src=\"https:\/\/s.w.org\/images\/core\/emoji\/14.0.0\/svg\/1f33f.svg\" alt=\"\ud83c\udf3f\">Les pathologies du squelette et de la croissance<\/p>\n<p><img decoding=\"async\" class=\"emoji\" role=\"img\" draggable=\"false\" src=\"https:\/\/s.w.org\/images\/core\/emoji\/14.0.0\/svg\/1f33f.svg\" alt=\"\ud83c\udf3f\">Les probl\u00e8mes cutan\u00e9s<\/p>\n<p><img decoding=\"async\" class=\"emoji\" role=\"img\" draggable=\"false\" src=\"https:\/\/s.w.org\/images\/core\/emoji\/14.0.0\/svg\/1f33f.svg\" alt=\"\ud83c\udf3f\">La pr\u00e9paration au stress des expositions, des chirurgies<\/p>\n<p><img decoding=\"async\" class=\"emoji\" role=\"img\" draggable=\"false\" src=\"https:\/\/s.w.org\/images\/core\/emoji\/14.0.0\/svg\/1f33f.svg\" alt=\"\ud83c\udf3f\">Les probl\u00e8mes articulaires<\/p>\n<p><img decoding=\"async\" class=\"emoji\" role=\"img\" draggable=\"false\" src=\"https:\/\/s.w.org\/images\/core\/emoji\/14.0.0\/svg\/1f33f.svg\" alt=\"\ud83c\udf3f\">Les probl\u00e8mes gastro-intestinaux<\/p>\n<p><img decoding=\"async\" class=\"emoji\" role=\"img\" draggable=\"false\" src=\"https:\/\/s.w.org\/images\/core\/emoji\/14.0.0\/svg\/1f33f.svg\" alt=\"\ud83c\udf3f\">Les probl\u00e8mes cardiaques<\/p>\n<p><img decoding=\"async\" class=\"emoji\" role=\"img\" draggable=\"false\" src=\"https:\/\/s.w.org\/images\/core\/emoji\/14.0.0\/svg\/1f33f.svg\" alt=\"\ud83c\udf3f\">Les pathologies respiratoires<\/p>\n<p><img decoding=\"async\" class=\"emoji\" role=\"img\" draggable=\"false\" src=\"https:\/\/s.w.org\/images\/core\/emoji\/14.0.0\/svg\/1f33f.svg\" alt=\"\ud83c\udf3f\">Les syst\u00e8me endocrinien<\/p>\n<p><img decoding=\"async\" class=\"emoji\" role=\"img\" draggable=\"false\" src=\"https:\/\/s.w.org\/images\/core\/emoji\/14.0.0\/svg\/1f33f.svg\" alt=\"\ud83c\udf3f\">Accompagnement du cancer<\/p>\t\t\t\t\t\t\t\t<\/div>\n\t\t\t\t<\/div>\n\t\t\t\t\t<\/div>\n\t\t<\/div>\n\t\t\t\t<div class=\"elementor-column elementor-col-50 elementor-inner-column elementor-element elementor-element-5a024ba\" data-id=\"5a024ba\" data-element_type=\"column\" data-e-type=\"column\">\n\t\t\t<div class=\"elementor-widget-wrap elementor-element-populated\">\n\t\t\t\t\t\t<div class=\"elementor-element elementor-element-ef12c3b elementor-widget elementor-widget-image\" data-id=\"ef12c3b\" data-element_type=\"widget\" data-e-type=\"widget\" data-widget_type=\"image.default\">\n\t\t\t\t<div class=\"elementor-widget-container\">\n\t\t\t\t\t\t\t\t\t\t\t\t\t\t\t<img decoding=\"async\" width=\"800\" height=\"450\" src=\"https:\/\/naturochats.fr\/wp-content\/uploads\/2023\/03\/AdobeStock_198326436-800x450.jpeg\" class=\"attachment-ocean-thumb-ml size-ocean-thumb-ml wp-image-959\" alt=\"homeopathie\" \/>\t\t\t\t\t\t\t\t\t\t\t\t\t\t\t<\/div>\n\t\t\t\t<\/div>\n\t\t\t\t<div class=\"elementor-element elementor-element-4e83477 elementor-widget elementor-widget-spacer\" data-id=\"4e83477\" data-element_type=\"widget\" data-e-type=\"widget\" data-widget_type=\"spacer.default\">\n\t\t\t\t<div class=\"elementor-widget-container\">\n\t\t\t\t\t\t\t<div class=\"elementor-spacer\">\n\t\t\t<div class=\"elementor-spacer-inner\"><\/div>\n\t\t<\/div>\n\t\t\t\t\t\t<\/div>\n\t\t\t\t<\/div>\n\t\t\t\t<div class=\"elementor-element elementor-element-d54321b elementor-widget elementor-widget-image\" data-id=\"d54321b\" data-element_type=\"widget\" data-e-type=\"widget\" data-widget_type=\"image.default\">\n\t\t\t\t<div class=\"elementor-widget-container\">\n\t\t\t\t\t\t\t\t\t\t\t\t\t\t\t<img decoding=\"async\" width=\"1024\" height=\"683\" src=\"https:\/\/naturochats.fr\/wp-content\/uploads\/2023\/03\/AdobeStock_122367256-1024x683.jpeg\" class=\"attachment-large size-large wp-image-897\" alt=\"tarifs\" srcset=\"https:\/\/naturochats.fr\/wp-content\/uploads\/2023\/03\/AdobeStock_122367256-1024x683.jpeg 1024w, https:\/\/naturochats.fr\/wp-content\/uploads\/2023\/03\/AdobeStock_122367256-300x200.jpeg 300w, https:\/\/naturochats.fr\/wp-content\/uploads\/2023\/03\/AdobeStock_122367256-768x512.jpeg 768w, https:\/\/naturochats.fr\/wp-content\/uploads\/2023\/03\/AdobeStock_122367256-1536x1024.jpeg 1536w, https:\/\/naturochats.fr\/wp-content\/uploads\/2023\/03\/AdobeStock_122367256-2048x1365.jpeg 2048w\" sizes=\"(max-width: 1024px) 100vw, 1024px\" \/>\t\t\t\t\t\t\t\t\t\t\t\t\t\t\t<\/div>\n\t\t\t\t<\/div>\n\t\t\t\t\t<\/div>\n\t\t<\/div>\n\t\t\t\t\t<\/div>\n\t\t<\/section>\n\t\t\t\t<section class=\"elementor-section elementor-inner-section elementor-element elementor-element-7c7b929 elementor-section-boxed elementor-section-height-default elementor-section-height-default\" data-id=\"7c7b929\" data-element_type=\"section\" data-e-type=\"section\">\n\t\t\t\t\t\t<div class=\"elementor-container elementor-column-gap-default\">\n\t\t\t\t\t<div class=\"elementor-column elementor-col-100 elementor-inner-column elementor-element elementor-element-ad482cc\" data-id=\"ad482cc\" data-element_type=\"column\" data-e-type=\"column\">\n\t\t\t<div class=\"elementor-widget-wrap elementor-element-populated\">\n\t\t\t\t\t\t<div class=\"elementor-element elementor-element-133fcf4 elementor-widget elementor-widget-text-editor\" data-id=\"133fcf4\" data-element_type=\"widget\" data-e-type=\"widget\" data-widget_type=\"text-editor.default\">\n\t\t\t\t<div class=\"elementor-widget-container\">\n\t\t\t\t\t\t\t\t\t<p>A savoir que les chiens peuvent b\u00e9n\u00e9ficier des m\u00eames rem\u00e8des si besoin de conseils.<br \/><span style=\"text-decoration: underline;\"><strong>Il est important de noter que la naturopathie ne remplace pas les traitements m\u00e9dicaux, elle est compl\u00e9mentaire.<\/strong> <\/span><\/p>\t\t\t\t\t\t\t\t<\/div>\n\t\t\t\t<\/div>\n\t\t\t\t\t<\/div>\n\t\t<\/div>\n\t\t\t\t\t<\/div>\n\t\t<\/section>\n\t\t\t\t<div class=\"elementor-element elementor-element-b7f06bd elementor-widget elementor-widget-spacer\" data-id=\"b7f06bd\" data-element_type=\"widget\" data-e-type=\"widget\" data-widget_type=\"spacer.default\">\n\t\t\t\t<div class=\"elementor-widget-container\">\n\t\t\t\t\t\t\t<div class=\"elementor-spacer\">\n\t\t\t<div class=\"elementor-spacer-inner\"><\/div>\n\t\t<\/div>\n\t\t\t\t\t\t<\/div>\n\t\t\t\t<\/div>\n\t\t\t\t\t<\/div>\n\t\t<\/div>\n\t\t\t\t\t<\/div>\n\t\t<\/section>\n\t\t\t\t<\/div>\n\t\t","protected":false},"excerpt":{"rendered":"<p>Naturopathie Animale La naturopathie animale est un ensemble de m\u00e9thodes naturelles qui visent \u00e0 am\u00e9liorer le bien-\u00eatre de l\u2019animal en renfor\u00e7ant son syst\u00e8me immunitaire et sa vitalit\u00e9\u00a0; comme pour les humains elle se compose de\u00a0:\u00a0la nutrition, \u00a0la phytoth\u00e9rapie, \u00a0l\u2019hom\u00e9opathie, \u00a0les Fleurs de Bach, \u00a0la micronutrition,\u00a0l\u2019apith\u00e9rapie,mais aussi l\u2019aloe vera, l\u2019argent collo\u00efdal, l\u2019argile, l\u2019extrait de p\u00e9pins de [&hellip;]<\/p>\n","protected":false},"author":1,"featured_media":0,"parent":0,"menu_order":0,"comment_status":"closed","ping_status":"closed","template":"","meta":{"ocean_post_layout":"full-screen","ocean_both_sidebars_style":"","ocean_both_sidebars_content_width":0,"ocean_both_sidebars_sidebars_width":0,"ocean_sidebar":"0","ocean_second_sidebar":"0","ocean_disable_margins":"on","ocean_add_body_class":"","ocean_shortcode_before_top_bar":"","ocean_shortcode_after_top_bar":"","ocean_shortcode_before_header":"","ocean_shortcode_after_header":"","ocean_has_shortcode":"","ocean_shortcode_after_title":"","ocean_shortcode_before_footer_widgets":"","ocean_shortcode_after_footer_widgets":"","ocean_shortcode_before_footer_bottom":"","ocean_shortcode_after_footer_bottom":"","ocean_display_top_bar":"default","ocean_display_header":"default","ocean_header_style":"","ocean_center_header_left_menu":"0","ocean_custom_header_template":"0","ocean_custom_logo":0,"ocean_custom_retina_logo":0,"ocean_custom_logo_max_width":0,"ocean_custom_logo_tablet_max_width":0,"ocean_custom_logo_mobile_max_width":0,"ocean_custom_logo_max_height":0,"ocean_custom_logo_tablet_max_height":0,"ocean_custom_logo_mobile_max_height":0,"ocean_header_custom_menu":"0","ocean_menu_typo_font_family":"0","ocean_menu_typo_font_subset":"","ocean_menu_typo_font_size":0,"ocean_menu_typo_font_size_tablet":0,"ocean_menu_typo_font_size_mobile":0,"ocean_menu_typo_font_size_unit":"px","ocean_menu_typo_font_weight":"","ocean_menu_typo_font_weight_tablet":"","ocean_menu_typo_font_weight_mobile":"","ocean_menu_typo_transform":"","ocean_menu_typo_transform_tablet":"","ocean_menu_typo_transform_mobile":"","ocean_menu_typo_line_height":0,"ocean_menu_typo_line_height_tablet":0,"ocean_menu_typo_line_height_mobile":0,"ocean_menu_typo_line_height_unit":"","ocean_menu_typo_spacing":0,"ocean_menu_typo_spacing_tablet":0,"ocean_menu_typo_spacing_mobile":0,"ocean_menu_typo_spacing_unit":"","ocean_menu_link_color":"","ocean_menu_link_color_hover":"","ocean_menu_link_color_active":"","ocean_menu_link_background":"","ocean_menu_link_hover_background":"","ocean_menu_link_active_background":"","ocean_menu_social_links_bg":"","ocean_menu_social_hover_links_bg":"","ocean_menu_social_links_color":"","ocean_menu_social_hover_links_color":"","ocean_disable_title":"on","ocean_disable_heading":"default","ocean_post_title":"","ocean_post_subheading":"","ocean_post_title_style":"","ocean_post_title_background_color":"","ocean_post_title_background":0,"ocean_post_title_bg_image_position":"","ocean_post_title_bg_image_attachment":"","ocean_post_title_bg_image_repeat":"","ocean_post_title_bg_image_size":"","ocean_post_title_height":400,"ocean_post_title_bg_overlay":0.5,"ocean_post_title_bg_overlay_color":"","ocean_disable_breadcrumbs":"default","ocean_breadcrumbs_color":"","ocean_breadcrumbs_separator_color":"","ocean_breadcrumbs_links_color":"","ocean_breadcrumbs_links_hover_color":"","ocean_display_footer_widgets":"default","ocean_display_footer_bottom":"default","ocean_custom_footer_template":"0","footnotes":""},"class_list":["post-820","page","type-page","status-publish","hentry","entry"],"_links":{"self":[{"href":"https:\/\/naturochats.fr\/index.php?rest_route=\/wp\/v2\/pages\/820","targetHints":{"allow":["GET"]}}],"collection":[{"href":"https:\/\/naturochats.fr\/index.php?rest_route=\/wp\/v2\/pages"}],"about":[{"href":"https:\/\/naturochats.fr\/index.php?rest_route=\/wp\/v2\/types\/page"}],"author":[{"embeddable":true,"href":"https:\/\/naturochats.fr\/index.php?rest_route=\/wp\/v2\/users\/1"}],"replies":[{"embeddable":true,"href":"https:\/\/naturochats.fr\/index.php?rest_route=%2Fwp%2Fv2%2Fcomments&post=820"}],"version-history":[{"count":52,"href":"https:\/\/naturochats.fr\/index.php?rest_route=\/wp\/v2\/pages\/820\/revisions"}],"predecessor-version":[{"id":1381,"href":"https:\/\/naturochats.fr\/index.php?rest_route=\/wp\/v2\/pages\/820\/revisions\/1381"}],"wp:attachment":[{"href":"https:\/\/naturochats.fr\/index.php?rest_route=%2Fwp%2Fv2%2Fmedia&parent=820"}],"curies":[{"name":"wp","href":"https:\/\/api.w.org\/{rel}","templated":true}]}}