{"id":803,"date":"2023-03-08T08:52:43","date_gmt":"2023-03-08T08:52:43","guid":{"rendered":"https:\/\/naturochats.fr\/?page_id=803"},"modified":"2023-05-21T20:12:58","modified_gmt":"2023-05-21T20:12:58","slug":"comportementaliste-felin","status":"publish","type":"page","link":"https:\/\/naturochats.fr\/?page_id=803","title":{"rendered":"Comportementaliste f\u00e9lin"},"content":{"rendered":"\t\t<div data-elementor-type=\"wp-page\" data-elementor-id=\"803\" class=\"elementor elementor-803\">\n\t\t\t\t\t\t<section class=\"elementor-section elementor-top-section elementor-element elementor-element-530e243 elementor-section-boxed elementor-section-height-default elementor-section-height-default\" data-id=\"530e243\" data-element_type=\"section\" data-e-type=\"section\">\n\t\t\t\t\t\t<div class=\"elementor-container elementor-column-gap-default\">\n\t\t\t\t\t<div class=\"elementor-column elementor-col-100 elementor-top-column elementor-element elementor-element-44f5a20\" data-id=\"44f5a20\" data-element_type=\"column\" data-e-type=\"column\">\n\t\t\t<div class=\"elementor-widget-wrap elementor-element-populated\">\n\t\t\t\t\t\t<div class=\"elementor-element elementor-element-594f377 no-margin elementor-widget elementor-widget-heading\" data-id=\"594f377\" data-element_type=\"widget\" data-e-type=\"widget\" data-widget_type=\"heading.default\">\n\t\t\t\t<div class=\"elementor-widget-container\">\n\t\t\t\t\t<h2 class=\"elementor-heading-title elementor-size-default\">Comportementaliste F\u00e9lin<\/h2>\t\t\t\t<\/div>\n\t\t\t\t<\/div>\n\t\t\t\t<div class=\"elementor-element elementor-element-90af758 no-margin elementor-widget-divider--separator-type-pattern elementor-widget-divider--view-line elementor-widget elementor-widget-divider\" data-id=\"90af758\" data-element_type=\"widget\" data-e-type=\"widget\" data-widget_type=\"divider.default\">\n\t\t\t\t<div class=\"elementor-widget-container\">\n\t\t\t\t\t\t\t<div class=\"elementor-divider\" style=\"--divider-pattern-url: url(&quot;data:image\/svg+xml,%3Csvg xmlns=&#039;http:\/\/www.w3.org\/2000\/svg&#039; preserveAspectRatio=&#039;none&#039; overflow=&#039;visible&#039; height=&#039;100%&#039; viewBox=&#039;0 0 24 24&#039; fill=&#039;none&#039; stroke=&#039;black&#039; stroke-width=&#039;2&#039; stroke-linecap=&#039;square&#039; stroke-miterlimit=&#039;10&#039;%3E%3Cpath d=&#039;M0,21c3.3,0,8.3-0.9,15.7-7.1c6.6-5.4,4.4-9.3,2.4-10.3c-3.4-1.8-7.7,1.3-7.3,8.8C11.2,20,17.1,21,24,21&#039;\/%3E%3C\/svg%3E&quot;);\">\n\t\t\t<span class=\"elementor-divider-separator\">\n\t\t\t\t\t\t<\/span>\n\t\t<\/div>\n\t\t\t\t\t\t<\/div>\n\t\t\t\t<\/div>\n\t\t\t\t<section class=\"elementor-section elementor-inner-section elementor-element elementor-element-c7686e9 elementor-section-boxed elementor-section-height-default elementor-section-height-default\" data-id=\"c7686e9\" data-element_type=\"section\" data-e-type=\"section\">\n\t\t\t\t\t\t<div class=\"elementor-container elementor-column-gap-default\">\n\t\t\t\t\t<div class=\"elementor-column elementor-col-50 elementor-inner-column elementor-element elementor-element-9264b18\" data-id=\"9264b18\" data-element_type=\"column\" data-e-type=\"column\">\n\t\t\t<div class=\"elementor-widget-wrap elementor-element-populated\">\n\t\t\t\t\t\t<div class=\"elementor-element elementor-element-83d0030 elementor-widget elementor-widget-image\" data-id=\"83d0030\" data-element_type=\"widget\" data-e-type=\"widget\" data-widget_type=\"image.default\">\n\t\t\t\t<div class=\"elementor-widget-container\">\n\t\t\t\t\t\t\t\t\t\t\t\t\t\t\t<img fetchpriority=\"high\" decoding=\"async\" width=\"2048\" height=\"1365\" src=\"https:\/\/naturochats.fr\/wp-content\/uploads\/2023\/03\/AdobeStock_109397418-2048x1365.jpeg\" class=\"attachment-2048x2048 size-2048x2048 wp-image-810\" alt=\"comportementaliste\" srcset=\"https:\/\/naturochats.fr\/wp-content\/uploads\/2023\/03\/AdobeStock_109397418-2048x1365.jpeg 2048w, https:\/\/naturochats.fr\/wp-content\/uploads\/2023\/03\/AdobeStock_109397418-300x200.jpeg 300w, https:\/\/naturochats.fr\/wp-content\/uploads\/2023\/03\/AdobeStock_109397418-1024x683.jpeg 1024w, https:\/\/naturochats.fr\/wp-content\/uploads\/2023\/03\/AdobeStock_109397418-768x512.jpeg 768w, https:\/\/naturochats.fr\/wp-content\/uploads\/2023\/03\/AdobeStock_109397418-1536x1024.jpeg 1536w\" sizes=\"(max-width: 2048px) 100vw, 2048px\" \/>\t\t\t\t\t\t\t\t\t\t\t\t\t\t\t<\/div>\n\t\t\t\t<\/div>\n\t\t\t\t\t<\/div>\n\t\t<\/div>\n\t\t\t\t<div class=\"elementor-column elementor-col-50 elementor-inner-column elementor-element elementor-element-41bcdf3\" data-id=\"41bcdf3\" data-element_type=\"column\" data-e-type=\"column\">\n\t\t\t<div class=\"elementor-widget-wrap elementor-element-populated\">\n\t\t\t\t\t\t<div class=\"elementor-element elementor-element-212811a elementor-widget elementor-widget-text-editor\" data-id=\"212811a\" data-element_type=\"widget\" data-e-type=\"widget\" data-widget_type=\"text-editor.default\">\n\t\t\t\t<div class=\"elementor-widget-container\">\n\t\t\t\t\t\t\t\t\t<p><em>Quelles sont les particularit\u00e9s des chats pour mieux les comprendre?<\/em><br \/><em>Quel chat choisir selon la relation souhait\u00e9e avec son animal?<\/em><br \/><em>Comment bien l\u2019accueillir et faciliter la pr\u00e9sentation avec les autres animaux ou les enfants turbulents?<\/em><br \/><em>Trouver les causes de ses troubles de comportement pour les supprimer? <\/em><br \/><em>Quelles sont les solutions\u00a0pour r\u00e9pondre \u00e0 ses besoins?<\/em><\/p>\t\t\t\t\t\t\t\t<\/div>\n\t\t\t\t<\/div>\n\t\t\t\t\t<\/div>\n\t\t<\/div>\n\t\t\t\t\t<\/div>\n\t\t<\/section>\n\t\t\t\t<section class=\"elementor-section elementor-inner-section elementor-element elementor-element-32f6c14 elementor-section-boxed elementor-section-height-default elementor-section-height-default\" data-id=\"32f6c14\" data-element_type=\"section\" data-e-type=\"section\">\n\t\t\t\t\t\t<div class=\"elementor-container elementor-column-gap-default\">\n\t\t\t\t\t<div class=\"elementor-column elementor-col-100 elementor-inner-column elementor-element elementor-element-5b1571b\" data-id=\"5b1571b\" data-element_type=\"column\" data-e-type=\"column\">\n\t\t\t<div class=\"elementor-widget-wrap elementor-element-populated\">\n\t\t\t\t\t\t<div class=\"elementor-element elementor-element-b180b21 elementor-widget elementor-widget-text-editor\" data-id=\"b180b21\" data-element_type=\"widget\" data-e-type=\"widget\" data-widget_type=\"text-editor.default\">\n\t\t\t\t<div class=\"elementor-widget-container\">\n\t\t\t\t\t\t\t\t\t<p>En tant que comportementaliste sp\u00e9cialis\u00e9 aux chats, <strong>mon objectif est de vous conseiller et de trouver des solutions aux comportements g\u00eanants de votre chat<\/strong> dans le but d\u2019harmoniser votre relation. Pour cela, je vais observer son comportement et ses habitudes, comprendre ses \u00e9motions et analyser son environnement en fonction de ses besoins physiologiques.<\/p>\n<p>Les principaux probl\u00e8mes rencontr\u00e9s lors des th\u00e9rapies comportementales sont :<\/p>\n<p><img decoding=\"async\" class=\"emoji\" role=\"img\" draggable=\"false\" src=\"https:\/\/s.w.org\/images\/core\/emoji\/14.0.0\/svg\/1f431.svg\" alt=\"\ud83d\udc31\">L\u2019\u00e9limination en dehors de la liti\u00e8re<\/p>\n<p><img decoding=\"async\" class=\"emoji\" role=\"img\" draggable=\"false\" src=\"https:\/\/s.w.org\/images\/core\/emoji\/14.0.0\/svg\/1f431.svg\" alt=\"\ud83d\udc31\">L\u2019agressivit\u00e9 envers ses humains ou des visiteurs;&nbsp;<span style=\"font-size: 18px;\">une cohabitation difficile avec d&rsquo;autres animaux de la maison<\/span><\/p>\n<p><img decoding=\"async\" class=\"emoji\" role=\"img\" draggable=\"false\" src=\"https:\/\/s.w.org\/images\/core\/emoji\/14.0.0\/svg\/1f431.svg\" alt=\"\ud83d\udc31\">L&rsquo;obsession pour la nourriture<\/p>\n<p><img decoding=\"async\" class=\"emoji\" role=\"img\" draggable=\"false\" src=\"https:\/\/s.w.org\/images\/core\/emoji\/14.0.0\/svg\/1f431.svg\" alt=\"\ud83d\udc31\">Les miaulements intempestifs<\/p>\n<p><img decoding=\"async\" class=\"emoji\" role=\"img\" draggable=\"false\" src=\"https:\/\/s.w.org\/images\/core\/emoji\/14.0.0\/svg\/1f431.svg\" alt=\"\ud83d\udc31\">Des griffades sur le mobilier, etc&#8230;<br><span style=\"font-size: 18px;\"><br><span style=\"text-decoration: underline;\">Il est tr\u00e8s important de consulter d\u2019abord un v\u00e9t\u00e9rinaire pour \u00e9liminer la cause m\u00e9dicale car certaines pathologies peuvent entrainer des probl\u00e8mes de comportement.<\/span><br><\/span><\/p>\n<p>Je peux \u00e9galement vous aider pour <strong>l\u2019adoption, ainsi que pour les changements de vie&nbsp;ou l\u2019optimisation de son bonheur<\/strong> :<\/p>\n<p><img decoding=\"async\" class=\"emoji\" role=\"img\" draggable=\"false\" src=\"https:\/\/s.w.org\/images\/core\/emoji\/14.0.0\/svg\/1f431.svg\" alt=\"\ud83d\udc31\">Des conseils pour bien choisir votre chaton ou chat adulte selon vos attentes personnelles<\/p>\n<p><img decoding=\"async\" class=\"emoji\" role=\"img\" draggable=\"false\" src=\"https:\/\/s.w.org\/images\/core\/emoji\/14.0.0\/svg\/1f431.svg\" alt=\"\ud83d\udc31\">Un accompagnement lors de son adoption et des conseils dans l&rsquo;am\u00e9nagement pr\u00e9vu \u00e0 la maison<\/p>\n<p><img decoding=\"async\" class=\"emoji\" role=\"img\" draggable=\"false\" src=\"https:\/\/s.w.org\/images\/core\/emoji\/14.0.0\/svg\/1f431.svg\" alt=\"\ud83d\udc31\">Pr\u00e9parer un changement (d\u00e9m\u00e9nagement, s\u00e9paration, travaux, arriv\u00e9e du b\u00e9b\u00e9 ou d\u2019un autre animal)<\/p>\n<p><img decoding=\"async\" class=\"emoji\" role=\"img\" draggable=\"false\" src=\"https:\/\/s.w.org\/images\/core\/emoji\/14.0.0\/svg\/1f431.svg\" alt=\"\ud83d\udc31\">Des conseils pour optimiser le bonheur de son chat<\/p>\n<p><img decoding=\"async\" class=\"emoji\" role=\"img\" draggable=\"false\" src=\"https:\/\/s.w.org\/images\/core\/emoji\/14.0.0\/svg\/1f431.svg\" alt=\"\ud83d\udc31\">Des conseils d\u2019am\u00e9nagement et d\u2019enrichissement de son cadre de vie, etc&#8230;<\/p>\t\t\t\t\t\t\t\t<\/div>\n\t\t\t\t<\/div>\n\t\t\t\t\t<\/div>\n\t\t<\/div>\n\t\t\t\t\t<\/div>\n\t\t<\/section>\n\t\t\t\t<section class=\"elementor-section elementor-inner-section elementor-element elementor-element-7c7b929 elementor-section-boxed elementor-section-height-default elementor-section-height-default\" data-id=\"7c7b929\" data-element_type=\"section\" data-e-type=\"section\">\n\t\t\t\t\t\t<div class=\"elementor-container elementor-column-gap-default\">\n\t\t\t\t\t<div class=\"elementor-column elementor-col-50 elementor-inner-column elementor-element elementor-element-5a4fd50\" data-id=\"5a4fd50\" data-element_type=\"column\" data-e-type=\"column\">\n\t\t\t<div class=\"elementor-widget-wrap elementor-element-populated\">\n\t\t\t\t\t\t<div class=\"elementor-element elementor-element-2b1fac8 elementor-widget elementor-widget-image\" data-id=\"2b1fac8\" data-element_type=\"widget\" data-e-type=\"widget\" data-widget_type=\"image.default\">\n\t\t\t\t<div class=\"elementor-widget-container\">\n\t\t\t\t\t\t\t\t\t\t\t\t\t\t\t<img decoding=\"async\" width=\"300\" height=\"200\" src=\"https:\/\/naturochats.fr\/wp-content\/uploads\/2023\/03\/AdobeStock_442659039-300x200.jpeg\" class=\"attachment-medium size-medium wp-image-875\" alt=\"tarifs\" srcset=\"https:\/\/naturochats.fr\/wp-content\/uploads\/2023\/03\/AdobeStock_442659039-300x200.jpeg 300w, https:\/\/naturochats.fr\/wp-content\/uploads\/2023\/03\/AdobeStock_442659039-1024x683.jpeg 1024w, https:\/\/naturochats.fr\/wp-content\/uploads\/2023\/03\/AdobeStock_442659039-768x512.jpeg 768w, https:\/\/naturochats.fr\/wp-content\/uploads\/2023\/03\/AdobeStock_442659039-1536x1024.jpeg 1536w, https:\/\/naturochats.fr\/wp-content\/uploads\/2023\/03\/AdobeStock_442659039-2048x1365.jpeg 2048w\" sizes=\"(max-width: 300px) 100vw, 300px\" \/>\t\t\t\t\t\t\t\t\t\t\t\t\t\t\t<\/div>\n\t\t\t\t<\/div>\n\t\t\t\t\t<\/div>\n\t\t<\/div>\n\t\t\t\t<div class=\"elementor-column elementor-col-50 elementor-inner-column elementor-element elementor-element-ad482cc\" data-id=\"ad482cc\" data-element_type=\"column\" data-e-type=\"column\">\n\t\t\t<div class=\"elementor-widget-wrap elementor-element-populated\">\n\t\t\t\t\t\t<div class=\"elementor-element elementor-element-133fcf4 elementor-widget elementor-widget-text-editor\" data-id=\"133fcf4\" data-element_type=\"widget\" data-e-type=\"widget\" data-widget_type=\"text-editor.default\">\n\t\t\t\t<div class=\"elementor-widget-container\">\n\t\t\t\t\t\t\t\t\t<p><em>Ma vision de comportementaliste f\u00e9lin est bienveillante et respectueuse de l\u2019animal, mon objectif est que mes conseils soient toujours positifs en alliant les besoins de l\u2019animal et de son humain.<\/em><\/p>\t\t\t\t\t\t\t\t<\/div>\n\t\t\t\t<\/div>\n\t\t\t\t\t<\/div>\n\t\t<\/div>\n\t\t\t\t\t<\/div>\n\t\t<\/section>\n\t\t\t\t\t<\/div>\n\t\t<\/div>\n\t\t\t\t\t<\/div>\n\t\t<\/section>\n\t\t\t\t<\/div>\n\t\t","protected":false},"excerpt":{"rendered":"<p>Comportementaliste F\u00e9lin Quelles sont les particularit\u00e9s des chats pour mieux les comprendre?Quel chat choisir selon la relation souhait\u00e9e avec son animal?Comment bien l\u2019accueillir et faciliter la pr\u00e9sentation avec les autres animaux ou les enfants turbulents?Trouver les causes de ses troubles de comportement pour les supprimer? Quelles sont les solutions\u00a0pour r\u00e9pondre \u00e0 ses besoins? En tant [&hellip;]<\/p>\n","protected":false},"author":1,"featured_media":0,"parent":0,"menu_order":0,"comment_status":"closed","ping_status":"closed","template":"","meta":{"ocean_post_layout":"full-screen","ocean_both_sidebars_style":"","ocean_both_sidebars_content_width":0,"ocean_both_sidebars_sidebars_width":0,"ocean_sidebar":"0","ocean_second_sidebar":"0","ocean_disable_margins":"on","ocean_add_body_class":"","ocean_shortcode_before_top_bar":"","ocean_shortcode_after_top_bar":"","ocean_shortcode_before_header":"","ocean_shortcode_after_header":"","ocean_has_shortcode":"","ocean_shortcode_after_title":"","ocean_shortcode_before_footer_widgets":"","ocean_shortcode_after_footer_widgets":"","ocean_shortcode_before_footer_bottom":"","ocean_shortcode_after_footer_bottom":"","ocean_display_top_bar":"default","ocean_display_header":"default","ocean_header_style":"","ocean_center_header_left_menu":"0","ocean_custom_header_template":"0","ocean_custom_logo":0,"ocean_custom_retina_logo":0,"ocean_custom_logo_max_width":0,"ocean_custom_logo_tablet_max_width":0,"ocean_custom_logo_mobile_max_width":0,"ocean_custom_logo_max_height":0,"ocean_custom_logo_tablet_max_height":0,"ocean_custom_logo_mobile_max_height":0,"ocean_header_custom_menu":"0","ocean_menu_typo_font_family":"0","ocean_menu_typo_font_subset":"","ocean_menu_typo_font_size":0,"ocean_menu_typo_font_size_tablet":0,"ocean_menu_typo_font_size_mobile":0,"ocean_menu_typo_font_size_unit":"px","ocean_menu_typo_font_weight":"","ocean_menu_typo_font_weight_tablet":"","ocean_menu_typo_font_weight_mobile":"","ocean_menu_typo_transform":"","ocean_menu_typo_transform_tablet":"","ocean_menu_typo_transform_mobile":"","ocean_menu_typo_line_height":0,"ocean_menu_typo_line_height_tablet":0,"ocean_menu_typo_line_height_mobile":0,"ocean_menu_typo_line_height_unit":"","ocean_menu_typo_spacing":0,"ocean_menu_typo_spacing_tablet":0,"ocean_menu_typo_spacing_mobile":0,"ocean_menu_typo_spacing_unit":"","ocean_menu_link_color":"","ocean_menu_link_color_hover":"","ocean_menu_link_color_active":"","ocean_menu_link_background":"","ocean_menu_link_hover_background":"","ocean_menu_link_active_background":"","ocean_menu_social_links_bg":"","ocean_menu_social_hover_links_bg":"","ocean_menu_social_links_color":"","ocean_menu_social_hover_links_color":"","ocean_disable_title":"on","ocean_disable_heading":"default","ocean_post_title":"","ocean_post_subheading":"","ocean_post_title_style":"","ocean_post_title_background_color":"","ocean_post_title_background":0,"ocean_post_title_bg_image_position":"","ocean_post_title_bg_image_attachment":"","ocean_post_title_bg_image_repeat":"","ocean_post_title_bg_image_size":"","ocean_post_title_height":400,"ocean_post_title_bg_overlay":0.5,"ocean_post_title_bg_overlay_color":"","ocean_disable_breadcrumbs":"default","ocean_breadcrumbs_color":"","ocean_breadcrumbs_separator_color":"","ocean_breadcrumbs_links_color":"","ocean_breadcrumbs_links_hover_color":"","ocean_display_footer_widgets":"default","ocean_display_footer_bottom":"default","ocean_custom_footer_template":"0","footnotes":""},"class_list":["post-803","page","type-page","status-publish","hentry","entry"],"_links":{"self":[{"href":"https:\/\/naturochats.fr\/index.php?rest_route=\/wp\/v2\/pages\/803","targetHints":{"allow":["GET"]}}],"collection":[{"href":"https:\/\/naturochats.fr\/index.php?rest_route=\/wp\/v2\/pages"}],"about":[{"href":"https:\/\/naturochats.fr\/index.php?rest_route=\/wp\/v2\/types\/page"}],"author":[{"embeddable":true,"href":"https:\/\/naturochats.fr\/index.php?rest_route=\/wp\/v2\/users\/1"}],"replies":[{"embeddable":true,"href":"https:\/\/naturochats.fr\/index.php?rest_route=%2Fwp%2Fv2%2Fcomments&post=803"}],"version-history":[{"count":127,"href":"https:\/\/naturochats.fr\/index.php?rest_route=\/wp\/v2\/pages\/803\/revisions"}],"predecessor-version":[{"id":1475,"href":"https:\/\/naturochats.fr\/index.php?rest_route=\/wp\/v2\/pages\/803\/revisions\/1475"}],"wp:attachment":[{"href":"https:\/\/naturochats.fr\/index.php?rest_route=%2Fwp%2Fv2%2Fmedia&parent=803"}],"curies":[{"name":"wp","href":"https:\/\/api.w.org\/{rel}","templated":true}]}}