{"id":17,"date":"2016-08-22T00:24:31","date_gmt":"2016-08-22T00:24:31","guid":{"rendered":"https:\/\/oceanwp.org\/simple\/?page_id=17"},"modified":"2023-05-13T21:13:25","modified_gmt":"2023-05-13T21:13:25","slug":"accueil","status":"publish","type":"page","link":"https:\/\/naturochats.fr\/","title":{"rendered":"Accueil"},"content":{"rendered":"\t\t<div data-elementor-type=\"wp-page\" data-elementor-id=\"17\" class=\"elementor elementor-17\">\n\t\t\t\t\t\t<section class=\"elementor-section elementor-top-section elementor-element elementor-element-530e243 elementor-section-boxed elementor-section-height-default elementor-section-height-default\" data-id=\"530e243\" data-element_type=\"section\" data-e-type=\"section\">\n\t\t\t\t\t\t<div class=\"elementor-container elementor-column-gap-default\">\n\t\t\t\t\t<div class=\"elementor-column elementor-col-100 elementor-top-column elementor-element elementor-element-44f5a20\" data-id=\"44f5a20\" data-element_type=\"column\" data-e-type=\"column\">\n\t\t\t<div class=\"elementor-widget-wrap elementor-element-populated\">\n\t\t\t\t\t\t<div class=\"elementor-element elementor-element-594f377 no-margin elementor-widget elementor-widget-heading\" data-id=\"594f377\" data-element_type=\"widget\" data-e-type=\"widget\" data-widget_type=\"heading.default\">\n\t\t\t\t<div class=\"elementor-widget-container\">\n\t\t\t\t\t<h2 class=\"elementor-heading-title elementor-size-default\">Pr\u00e9sentation<\/h2>\t\t\t\t<\/div>\n\t\t\t\t<\/div>\n\t\t\t\t<div class=\"elementor-element elementor-element-90af758 no-margin elementor-widget-divider--separator-type-pattern elementor-widget-divider--view-line elementor-widget elementor-widget-divider\" data-id=\"90af758\" data-element_type=\"widget\" data-e-type=\"widget\" data-widget_type=\"divider.default\">\n\t\t\t\t<div class=\"elementor-widget-container\">\n\t\t\t\t\t\t\t<div class=\"elementor-divider\" style=\"--divider-pattern-url: url(&quot;data:image\/svg+xml,%3Csvg xmlns=&#039;http:\/\/www.w3.org\/2000\/svg&#039; preserveAspectRatio=&#039;none&#039; overflow=&#039;visible&#039; height=&#039;100%&#039; viewBox=&#039;0 0 24 24&#039; fill=&#039;none&#039; stroke=&#039;black&#039; stroke-width=&#039;2&#039; stroke-linecap=&#039;square&#039; stroke-miterlimit=&#039;10&#039;%3E%3Cpath d=&#039;M0,21c3.3,0,8.3-0.9,15.7-7.1c6.6-5.4,4.4-9.3,2.4-10.3c-3.4-1.8-7.7,1.3-7.3,8.8C11.2,20,17.1,21,24,21&#039;\/%3E%3C\/svg%3E&quot;);\">\n\t\t\t<span class=\"elementor-divider-separator\">\n\t\t\t\t\t\t<\/span>\n\t\t<\/div>\n\t\t\t\t\t\t<\/div>\n\t\t\t\t<\/div>\n\t\t\t\t<section class=\"elementor-section elementor-inner-section elementor-element elementor-element-c7686e9 elementor-section-boxed elementor-section-height-default elementor-section-height-default\" data-id=\"c7686e9\" data-element_type=\"section\" data-e-type=\"section\">\n\t\t\t\t\t\t<div class=\"elementor-container elementor-column-gap-default\">\n\t\t\t\t\t<div class=\"elementor-column elementor-col-50 elementor-inner-column elementor-element elementor-element-9264b18\" data-id=\"9264b18\" data-element_type=\"column\" data-e-type=\"column\">\n\t\t\t<div class=\"elementor-widget-wrap elementor-element-populated\">\n\t\t\t\t\t\t<div class=\"elementor-element elementor-element-b2ff35a elementor-widget elementor-widget-image\" data-id=\"b2ff35a\" data-element_type=\"widget\" data-e-type=\"widget\" data-widget_type=\"image.default\">\n\t\t\t\t<div class=\"elementor-widget-container\">\n\t\t\t\t\t\t\t\t\t\t\t\t\t\t\t<img fetchpriority=\"high\" decoding=\"async\" width=\"500\" height=\"500\" src=\"https:\/\/naturochats.fr\/wp-content\/uploads\/2023\/03\/Naturo-Chats4.png\" class=\"attachment-large size-large wp-image-717\" alt=\"logo\" srcset=\"https:\/\/naturochats.fr\/wp-content\/uploads\/2023\/03\/Naturo-Chats4.png 500w, https:\/\/naturochats.fr\/wp-content\/uploads\/2023\/03\/Naturo-Chats4-300x300.png 300w, https:\/\/naturochats.fr\/wp-content\/uploads\/2023\/03\/Naturo-Chats4-150x150.png 150w\" sizes=\"(max-width: 500px) 100vw, 500px\" \/>\t\t\t\t\t\t\t\t\t\t\t\t\t\t\t<\/div>\n\t\t\t\t<\/div>\n\t\t\t\t\t<\/div>\n\t\t<\/div>\n\t\t\t\t<div class=\"elementor-column elementor-col-50 elementor-inner-column elementor-element elementor-element-41bcdf3\" data-id=\"41bcdf3\" data-element_type=\"column\" data-e-type=\"column\">\n\t\t\t<div class=\"elementor-widget-wrap elementor-element-populated\">\n\t\t\t\t\t\t<div class=\"elementor-element elementor-element-212811a elementor-widget elementor-widget-text-editor\" data-id=\"212811a\" data-element_type=\"widget\" data-e-type=\"widget\" data-widget_type=\"text-editor.default\">\n\t\t\t\t<div class=\"elementor-widget-container\">\n\t\t\t\t\t\t\t\t\t<p><i><b>Pourquoi je suis devenue comportementaliste f\u00e9lin et conseill\u00e8re en naturopathie animale ?<br><\/b><\/i><span style=\"font-size: 18px;\"><br>Depuis toute petite, j\u2019ai toujours \u00e9t\u00e9 entour\u00e9e d\u2019animaux.<br><\/span><span style=\"font-size: 18px;\">Aujourd\u2019hui, je partage ma vie avec trois chats et un chien pour mon plus grand bonheur, ils m\u2019apportent beaucoup de joie et de tendresse.<br><\/span><span style=\"font-size: 18px;\">Mon r\u00eave \u00e9tait de me lancer \u00e0 mes 40 ans dans un milieu qui me passionne&nbsp;: le monde animalier.<\/span><\/p>\n<p>En 2021, j\u2019ai d\u2019abord choisi une formation compl\u00e8te de&nbsp;<strong>naturopathie animale<\/strong>&nbsp;avec le v\u00e9t\u00e9rinaire naturopathe Dc Marti. <br>Suite \u00e0 des probl\u00e8mes de sant\u00e9 gyn\u00e9cologiques personnels, j\u2019ai d\u00e9couvert que les rem\u00e8des hom\u00e9opathiques et autres rem\u00e8des naturels fonctionnaient davantage que les m\u00e9dicaments chimiques sur les probl\u00e8mes physiologiques de mon corps. <br>C\u2019est donc tout naturellement que je me suis tourn\u00e9e vers la naturopathie animale pour soigner \u00e9galement mes animaux avec des solutions sans toxicit\u00e9, ni effets secondaires. <br>Maintenant, je peux aider vos chats sur des pathologies vari\u00e9es en vous conseillant des produits naturels.<\/p>\t\t\t\t\t\t\t\t<\/div>\n\t\t\t\t<\/div>\n\t\t\t\t\t<\/div>\n\t\t<\/div>\n\t\t\t\t\t<\/div>\n\t\t<\/section>\n\t\t\t\t<section class=\"elementor-section elementor-inner-section elementor-element elementor-element-32f6c14 elementor-section-boxed elementor-section-height-default elementor-section-height-default\" data-id=\"32f6c14\" data-element_type=\"section\" data-e-type=\"section\">\n\t\t\t\t\t\t<div class=\"elementor-container elementor-column-gap-default\">\n\t\t\t\t\t<div class=\"elementor-column elementor-col-50 elementor-inner-column elementor-element elementor-element-5b1571b\" data-id=\"5b1571b\" data-element_type=\"column\" data-e-type=\"column\">\n\t\t\t<div class=\"elementor-widget-wrap elementor-element-populated\">\n\t\t\t\t\t\t<div class=\"elementor-element elementor-element-b180b21 elementor-widget elementor-widget-text-editor\" data-id=\"b180b21\" data-element_type=\"widget\" data-e-type=\"widget\" data-widget_type=\"text-editor.default\">\n\t\t\t\t<div class=\"elementor-widget-container\">\n\t\t\t\t\t\t\t\t\t<p>En 2022, je me suis form\u00e9e en tant que <b>comportementaliste pour chats<\/b><span style=\"font-size: 18px;\">&nbsp;afin de pouvoir mieux les comprendre et les aider en conseillant au mieux leurs humains.<\/span><\/p>\n<p>Le centre de formation ACCEFE m\u2019a permis de compl\u00e9ter mes connaissances acquises aupr\u00e8s de mes propres chats et diff\u00e9rentes lectures, et de me familiariser avec d\u2019autres probl\u00e9matiques courantes que je n\u2019ai pas rencontr\u00e9es personnellement.<br><span style=\"font-size: 18px;\"><br>D\u00e9but 2023, j&rsquo;ai pass\u00e9 l&rsquo;<b>ACACED option chat<\/b>, cette certification mise en place par le Minist\u00e8re de l&rsquo;Agriculture atteste que j&rsquo;ai les connaissances n\u00e9cessaires et les capacit\u00e9s de comprendre les chats, conseiller leurs ma\u00eetres et les \u00e9lever.<\/span><\/p>\n<p><span style=\"font-size: 18px;\">En faisant appel \u00e0 mes services, je pourrai vous conseiller une&nbsp;<b>th\u00e9rapie comportementale<\/b> ax\u00e9e sur les besoins physiologiques de votre chat, son environnement, vos interactions et d\u2019autres points importants \u00e0 respecter.<\/span><\/p>\n<p>Les conseils en naturopathie animale viennent compl\u00e9ter la th\u00e9rapie <span style=\"font-size: 18px;\">lors des probl\u00e8mes comportementaux afin de vous aider \u00e0 retrouver votre s\u00e9r\u00e9nit\u00e9 et son bien-\u00eatre; mais \u00e9galement r\u00e9pondre \u00e0 divers pathologies sp\u00e9cifi\u00e9es sur la page correspondante du site.&nbsp;<\/span><\/p>\n<p>Je peux vous rencontrer sur Annecy et ses alentours mais nous pouvons \u00e9galement \u00e9changer en visio ou au t\u00e9l\u00e9phone sur toute la France. <br>Je propose \u00e9galement des cr\u00e9neaux (en visio ou t\u00e9l\u00e9phone) sur certaines soir\u00e9es pour les situations urgentes et plus de disponibilit\u00e9s.<\/p>\t\t\t\t\t\t\t\t<\/div>\n\t\t\t\t<\/div>\n\t\t\t\t\t<\/div>\n\t\t<\/div>\n\t\t\t\t<div class=\"elementor-column elementor-col-50 elementor-inner-column elementor-element elementor-element-54423a0\" data-id=\"54423a0\" data-element_type=\"column\" data-e-type=\"column\">\n\t\t\t<div class=\"elementor-widget-wrap elementor-element-populated\">\n\t\t\t\t\t\t<div class=\"elementor-element elementor-element-83d0030 elementor-widget elementor-widget-image\" data-id=\"83d0030\" data-element_type=\"widget\" data-e-type=\"widget\" data-widget_type=\"image.default\">\n\t\t\t\t<div class=\"elementor-widget-container\">\n\t\t\t\t\t\t\t\t\t\t\t\t\t\t\t<img decoding=\"async\" width=\"232\" height=\"300\" src=\"https:\/\/naturochats.fr\/wp-content\/uploads\/2023\/03\/portrait-232x300.jpg\" class=\"attachment-medium size-medium wp-image-755\" alt=\"naturopathe chat\" srcset=\"https:\/\/naturochats.fr\/wp-content\/uploads\/2023\/03\/portrait-232x300.jpg 232w, https:\/\/naturochats.fr\/wp-content\/uploads\/2023\/03\/portrait-791x1024.jpg 791w, https:\/\/naturochats.fr\/wp-content\/uploads\/2023\/03\/portrait-768x994.jpg 768w, https:\/\/naturochats.fr\/wp-content\/uploads\/2023\/03\/portrait-1187x1536.jpg 1187w, https:\/\/naturochats.fr\/wp-content\/uploads\/2023\/03\/portrait-1583x2048.jpg 1583w, https:\/\/naturochats.fr\/wp-content\/uploads\/2023\/03\/portrait-scaled.jpg 1978w\" sizes=\"(max-width: 232px) 100vw, 232px\" \/>\t\t\t\t\t\t\t\t\t\t\t\t\t\t\t<\/div>\n\t\t\t\t<\/div>\n\t\t\t\t<div class=\"elementor-element elementor-element-2036424 elementor-widget elementor-widget-image\" data-id=\"2036424\" data-element_type=\"widget\" data-e-type=\"widget\" data-widget_type=\"image.default\">\n\t\t\t\t<div class=\"elementor-widget-container\">\n\t\t\t\t\t\t\t\t\t\t\t\t\t\t\t<img decoding=\"async\" width=\"225\" height=\"300\" src=\"https:\/\/naturochats.fr\/wp-content\/uploads\/2023\/03\/20220401_142831-225x300.jpg\" class=\"attachment-medium size-medium wp-image-748\" alt=\"naturopathe chat\" srcset=\"https:\/\/naturochats.fr\/wp-content\/uploads\/2023\/03\/20220401_142831-225x300.jpg 225w, https:\/\/naturochats.fr\/wp-content\/uploads\/2023\/03\/20220401_142831-768x1024.jpg 768w, https:\/\/naturochats.fr\/wp-content\/uploads\/2023\/03\/20220401_142831-1152x1536.jpg 1152w, https:\/\/naturochats.fr\/wp-content\/uploads\/2023\/03\/20220401_142831-1536x2048.jpg 1536w, https:\/\/naturochats.fr\/wp-content\/uploads\/2023\/03\/20220401_142831-scaled.jpg 1920w\" sizes=\"(max-width: 225px) 100vw, 225px\" \/>\t\t\t\t\t\t\t\t\t\t\t\t\t\t\t<\/div>\n\t\t\t\t<\/div>\n\t\t\t\t\t<\/div>\n\t\t<\/div>\n\t\t\t\t\t<\/div>\n\t\t<\/section>\n\t\t\t\t\t<\/div>\n\t\t<\/div>\n\t\t\t\t\t<\/div>\n\t\t<\/section>\n\t\t\t\t<section class=\"elementor-section elementor-top-section elementor-element elementor-element-ed9d921 elementor-section-boxed elementor-section-height-default elementor-section-height-default\" data-id=\"ed9d921\" data-element_type=\"section\" data-e-type=\"section\">\n\t\t\t\t\t\t<div class=\"elementor-container elementor-column-gap-default\">\n\t\t\t\t\t<div class=\"elementor-column elementor-col-100 elementor-top-column elementor-element elementor-element-4032464\" data-id=\"4032464\" data-element_type=\"column\" data-e-type=\"column\">\n\t\t\t<div class=\"elementor-widget-wrap elementor-element-populated\">\n\t\t\t\t\t\t<div class=\"elementor-element elementor-element-ea62588 no-margin elementor-widget elementor-widget-heading\" data-id=\"ea62588\" data-element_type=\"widget\" data-e-type=\"widget\" data-widget_type=\"heading.default\">\n\t\t\t\t<div class=\"elementor-widget-container\">\n\t\t\t\t\t<h2 class=\"elementor-heading-title elementor-size-default\">Mes certificats <\/h2>\t\t\t\t<\/div>\n\t\t\t\t<\/div>\n\t\t\t\t<div class=\"elementor-element elementor-element-4b59f7c no-margin elementor-widget-divider--separator-type-pattern elementor-widget-divider--view-line elementor-widget elementor-widget-divider\" data-id=\"4b59f7c\" data-element_type=\"widget\" data-e-type=\"widget\" data-widget_type=\"divider.default\">\n\t\t\t\t<div class=\"elementor-widget-container\">\n\t\t\t\t\t\t\t<div class=\"elementor-divider\" style=\"--divider-pattern-url: url(&quot;data:image\/svg+xml,%3Csvg xmlns=&#039;http:\/\/www.w3.org\/2000\/svg&#039; preserveAspectRatio=&#039;none&#039; overflow=&#039;visible&#039; height=&#039;100%&#039; viewBox=&#039;0 0 24 24&#039; fill=&#039;none&#039; stroke=&#039;black&#039; stroke-width=&#039;2&#039; stroke-linecap=&#039;square&#039; stroke-miterlimit=&#039;10&#039;%3E%3Cpath d=&#039;M0,21c3.3,0,8.3-0.9,15.7-7.1c6.6-5.4,4.4-9.3,2.4-10.3c-3.4-1.8-7.7,1.3-7.3,8.8C11.2,20,17.1,21,24,21&#039;\/%3E%3C\/svg%3E&quot;);\">\n\t\t\t<span class=\"elementor-divider-separator\">\n\t\t\t\t\t\t<\/span>\n\t\t<\/div>\n\t\t\t\t\t\t<\/div>\n\t\t\t\t<\/div>\n\t\t\t\t\t<\/div>\n\t\t<\/div>\n\t\t\t\t\t<\/div>\n\t\t<\/section>\n\t\t\t\t<section class=\"elementor-section elementor-top-section elementor-element elementor-element-1f059a7 elementor-section-boxed elementor-section-height-default elementor-section-height-default\" data-id=\"1f059a7\" data-element_type=\"section\" data-e-type=\"section\">\n\t\t\t\t\t\t<div class=\"elementor-container elementor-column-gap-default\">\n\t\t\t\t\t<div class=\"elementor-column elementor-col-50 elementor-top-column elementor-element elementor-element-8b9581d\" data-id=\"8b9581d\" data-element_type=\"column\" data-e-type=\"column\">\n\t\t\t<div class=\"elementor-widget-wrap elementor-element-populated\">\n\t\t\t\t\t\t<div class=\"elementor-element elementor-element-7301021 elementor-widget elementor-widget-image\" data-id=\"7301021\" data-element_type=\"widget\" data-e-type=\"widget\" data-widget_type=\"image.default\">\n\t\t\t\t<div class=\"elementor-widget-container\">\n\t\t\t\t\t\t\t\t\t\t\t\t\t\t\t<img loading=\"lazy\" decoding=\"async\" width=\"1024\" height=\"727\" src=\"https:\/\/naturochats.fr\/wp-content\/uploads\/2023\/03\/certif-1024x727.png\" class=\"attachment-large size-large wp-image-751\" alt=\"\" srcset=\"https:\/\/naturochats.fr\/wp-content\/uploads\/2023\/03\/certif-1024x727.png 1024w, https:\/\/naturochats.fr\/wp-content\/uploads\/2023\/03\/certif-300x213.png 300w, https:\/\/naturochats.fr\/wp-content\/uploads\/2023\/03\/certif-768x545.png 768w, https:\/\/naturochats.fr\/wp-content\/uploads\/2023\/03\/certif-1536x1090.png 1536w, https:\/\/naturochats.fr\/wp-content\/uploads\/2023\/03\/certif.png 1756w\" sizes=\"(max-width: 1024px) 100vw, 1024px\" \/>\t\t\t\t\t\t\t\t\t\t\t\t\t\t\t<\/div>\n\t\t\t\t<\/div>\n\t\t\t\t\t<\/div>\n\t\t<\/div>\n\t\t\t\t<div class=\"elementor-column elementor-col-50 elementor-top-column elementor-element elementor-element-a847731\" data-id=\"a847731\" data-element_type=\"column\" data-e-type=\"column\">\n\t\t\t<div class=\"elementor-widget-wrap elementor-element-populated\">\n\t\t\t\t\t\t<div class=\"elementor-element elementor-element-7061006 elementor-widget elementor-widget-image\" data-id=\"7061006\" data-element_type=\"widget\" data-e-type=\"widget\" data-widget_type=\"image.default\">\n\t\t\t\t<div class=\"elementor-widget-container\">\n\t\t\t\t\t\t\t\t\t\t\t\t\t\t\t<img loading=\"lazy\" decoding=\"async\" width=\"1024\" height=\"725\" src=\"https:\/\/naturochats.fr\/wp-content\/uploads\/2023\/03\/certif2-1024x725.png\" class=\"attachment-large size-large wp-image-750\" alt=\"naturopathie\" srcset=\"https:\/\/naturochats.fr\/wp-content\/uploads\/2023\/03\/certif2-1024x725.png 1024w, https:\/\/naturochats.fr\/wp-content\/uploads\/2023\/03\/certif2-300x212.png 300w, https:\/\/naturochats.fr\/wp-content\/uploads\/2023\/03\/certif2-768x544.png 768w, https:\/\/naturochats.fr\/wp-content\/uploads\/2023\/03\/certif2-1536x1088.png 1536w, https:\/\/naturochats.fr\/wp-content\/uploads\/2023\/03\/certif2.png 1758w\" sizes=\"(max-width: 1024px) 100vw, 1024px\" \/>\t\t\t\t\t\t\t\t\t\t\t\t\t\t\t<\/div>\n\t\t\t\t<\/div>\n\t\t\t\t\t<\/div>\n\t\t<\/div>\n\t\t\t\t\t<\/div>\n\t\t<\/section>\n\t\t\t\t<\/div>\n\t\t","protected":false},"excerpt":{"rendered":"<p>Pr\u00e9sentation Pourquoi je suis devenue comportementaliste f\u00e9lin et conseill\u00e8re en naturopathie animale ?Depuis toute petite, j\u2019ai toujours \u00e9t\u00e9 entour\u00e9e d\u2019animaux.Aujourd\u2019hui, je partage ma vie avec trois chats et un chien pour mon plus grand bonheur, ils m\u2019apportent beaucoup de joie et de tendresse.Mon r\u00eave \u00e9tait de me lancer \u00e0 mes 40 ans dans un milieu [&hellip;]<\/p>\n","protected":false},"author":1,"featured_media":0,"parent":0,"menu_order":0,"comment_status":"closed","ping_status":"closed","template":"","meta":{"ocean_post_layout":"full-screen","ocean_both_sidebars_style":"","ocean_both_sidebars_content_width":0,"ocean_both_sidebars_sidebars_width":0,"ocean_sidebar":"0","ocean_second_sidebar":"0","ocean_disable_margins":"on","ocean_add_body_class":"","ocean_shortcode_before_top_bar":"","ocean_shortcode_after_top_bar":"","ocean_shortcode_before_header":"","ocean_shortcode_after_header":"","ocean_has_shortcode":"","ocean_shortcode_after_title":"","ocean_shortcode_before_footer_widgets":"","ocean_shortcode_after_footer_widgets":"","ocean_shortcode_before_footer_bottom":"","ocean_shortcode_after_footer_bottom":"","ocean_display_top_bar":"default","ocean_display_header":"default","ocean_header_style":"","ocean_center_header_left_menu":"0","ocean_custom_header_template":"0","ocean_custom_logo":0,"ocean_custom_retina_logo":0,"ocean_custom_logo_max_width":0,"ocean_custom_logo_tablet_max_width":0,"ocean_custom_logo_mobile_max_width":0,"ocean_custom_logo_max_height":0,"ocean_custom_logo_tablet_max_height":0,"ocean_custom_logo_mobile_max_height":0,"ocean_header_custom_menu":"0","ocean_menu_typo_font_family":"0","ocean_menu_typo_font_subset":"","ocean_menu_typo_font_size":0,"ocean_menu_typo_font_size_tablet":0,"ocean_menu_typo_font_size_mobile":0,"ocean_menu_typo_font_size_unit":"px","ocean_menu_typo_font_weight":"","ocean_menu_typo_font_weight_tablet":"","ocean_menu_typo_font_weight_mobile":"","ocean_menu_typo_transform":"","ocean_menu_typo_transform_tablet":"","ocean_menu_typo_transform_mobile":"","ocean_menu_typo_line_height":0,"ocean_menu_typo_line_height_tablet":0,"ocean_menu_typo_line_height_mobile":0,"ocean_menu_typo_line_height_unit":"","ocean_menu_typo_spacing":0,"ocean_menu_typo_spacing_tablet":0,"ocean_menu_typo_spacing_mobile":0,"ocean_menu_typo_spacing_unit":"","ocean_menu_link_color":"","ocean_menu_link_color_hover":"","ocean_menu_link_color_active":"","ocean_menu_link_background":"","ocean_menu_link_hover_background":"","ocean_menu_link_active_background":"","ocean_menu_social_links_bg":"","ocean_menu_social_hover_links_bg":"","ocean_menu_social_links_color":"","ocean_menu_social_hover_links_color":"","ocean_disable_title":"on","ocean_disable_heading":"default","ocean_post_title":"","ocean_post_subheading":"","ocean_post_title_style":"","ocean_post_title_background_color":"","ocean_post_title_background":0,"ocean_post_title_bg_image_position":"","ocean_post_title_bg_image_attachment":"","ocean_post_title_bg_image_repeat":"","ocean_post_title_bg_image_size":"","ocean_post_title_height":400,"ocean_post_title_bg_overlay":0.5,"ocean_post_title_bg_overlay_color":"","ocean_disable_breadcrumbs":"default","ocean_breadcrumbs_color":"","ocean_breadcrumbs_separator_color":"","ocean_breadcrumbs_links_color":"","ocean_breadcrumbs_links_hover_color":"","ocean_display_footer_widgets":"default","ocean_display_footer_bottom":"default","ocean_custom_footer_template":"0","footnotes":""},"class_list":["post-17","page","type-page","status-publish","hentry","entry"],"_links":{"self":[{"href":"https:\/\/naturochats.fr\/index.php?rest_route=\/wp\/v2\/pages\/17","targetHints":{"allow":["GET"]}}],"collection":[{"href":"https:\/\/naturochats.fr\/index.php?rest_route=\/wp\/v2\/pages"}],"about":[{"href":"https:\/\/naturochats.fr\/index.php?rest_route=\/wp\/v2\/types\/page"}],"author":[{"embeddable":true,"href":"https:\/\/naturochats.fr\/index.php?rest_route=\/wp\/v2\/users\/1"}],"replies":[{"embeddable":true,"href":"https:\/\/naturochats.fr\/index.php?rest_route=%2Fwp%2Fv2%2Fcomments&post=17"}],"version-history":[{"count":151,"href":"https:\/\/naturochats.fr\/index.php?rest_route=\/wp\/v2\/pages\/17\/revisions"}],"predecessor-version":[{"id":1393,"href":"https:\/\/naturochats.fr\/index.php?rest_route=\/wp\/v2\/pages\/17\/revisions\/1393"}],"wp:attachment":[{"href":"https:\/\/naturochats.fr\/index.php?rest_route=%2Fwp%2Fv2%2Fmedia&parent=17"}],"curies":[{"name":"wp","href":"https:\/\/api.w.org\/{rel}","templated":true}]}}